{"id":1659,"date":"2026-02-08T13:00:45","date_gmt":"2026-02-08T12:00:45","guid":{"rendered":"https:\/\/baltringuesetcie.fr\/?page_id=1659"},"modified":"2026-02-09T15:20:23","modified_gmt":"2026-02-09T14:20:23","slug":"prestation-complementaire","status":"publish","type":"page","link":"https:\/\/baltringuesetcie.fr\/en\/prestation-complementaire\/","title":{"rendered":"Prestation compl\u00e9mentaire"},"content":{"rendered":"<div data-elementor-type=\"wp-page\" data-elementor-id=\"1659\" class=\"elementor elementor-1659\">\n\t\t\t\t<div class=\"elementor-element elementor-element-122e55f e-flex e-con-boxed e-con e-parent\" data-id=\"122e55f\" data-element_type=\"container\" data-e-type=\"container\" data-settings=\"{&quot;background_background&quot;:&quot;classic&quot;}\">\n\t\t\t\t\t<div class=\"e-con-inner\">\n\t\t<div class=\"elementor-element elementor-element-d4f38d4 e-con-full e-flex e-con e-child\" data-id=\"d4f38d4\" data-element_type=\"container\" data-e-type=\"container\">\n\t\t\t\t<div class=\"elementor-element elementor-element-63d7f54 elementor-widget elementor-widget-heading\" data-id=\"63d7f54\" data-element_type=\"widget\" data-e-type=\"widget\" data-widget_type=\"heading.default\">\n\t\t\t\t<div class=\"elementor-widget-container\">\n\t\t\t\t\t<h1 class=\"elementor-heading-title elementor-size-default\">Prestations compl\u00e9mentaires<\/h1>\t\t\t\t<\/div>\n\t\t\t\t<\/div>\n\t\t\t\t<\/div>\n\t\t\t\t\t<\/div>\n\t\t\t\t<\/div>\n\t\t<div class=\"elementor-element elementor-element-5042c3a e-flex e-con-boxed e-con e-parent\" data-id=\"5042c3a\" data-element_type=\"container\" data-e-type=\"container\" data-settings=\"{&quot;background_background&quot;:&quot;classic&quot;}\">\n\t\t\t\t\t<div class=\"e-con-inner\">\n\t\t<div class=\"elementor-element elementor-element-eeba45c e-con-full e-flex e-con e-child\" data-id=\"eeba45c\" data-element_type=\"container\" data-e-type=\"container\">\n\t\t<div class=\"elementor-element elementor-element-76f51b9 e-con-full e-flex e-con e-child\" data-id=\"76f51b9\" data-element_type=\"container\" data-e-type=\"container\">\n\t\t<div class=\"elementor-element elementor-element-152a051 e-con-full e-flex e-con e-child\" data-id=\"152a051\" data-element_type=\"container\" data-e-type=\"container\">\n\t\t\t\t<div class=\"elementor-element elementor-element-4559cbd elementor-widget elementor-widget-heading\" data-id=\"4559cbd\" data-element_type=\"widget\" data-e-type=\"widget\" data-widget_type=\"heading.default\">\n\t\t\t\t<div class=\"elementor-widget-container\">\n\t\t\t\t\t<h2 class=\"elementor-heading-title elementor-size-default\">Accompagnement et r\u00e9gie technique<\/h2>\t\t\t\t<\/div>\n\t\t\t\t<\/div>\n\t\t\t\t<div class=\"elementor-element elementor-element-567136b elementor-widget elementor-widget-text-editor\" data-id=\"567136b\" data-element_type=\"widget\" data-e-type=\"widget\" data-widget_type=\"text-editor.default\">\n\t\t\t\t<div class=\"elementor-widget-container\">\n\t\t\t\t\t\t\t\t\t<p>Au-del\u00e0 de la location de chapiteaux, nous pouvons accompagner les organisateurs dans la mise en place technique de leur \u00e9v\u00e9nement. Chaque projet poss\u00e8de ses sp\u00e9cificit\u00e9s : terrain, public, contraintes logistiques ou techniques. Cet accompagnement permet d\u2019assurer une installation coh\u00e9rente et adapt\u00e9e \u00e0 la r\u00e9alit\u00e9 du site.<\/p>\t\t\t\t\t\t\t\t<\/div>\n\t\t\t\t<\/div>\n\t\t\t\t<div class=\"elementor-element elementor-element-627be20 elementor-widget elementor-widget-heading\" data-id=\"627be20\" data-element_type=\"widget\" data-e-type=\"widget\" data-widget_type=\"heading.default\">\n\t\t\t\t<div class=\"elementor-widget-container\">\n\t\t\t\t\t<h3 class=\"elementor-heading-title elementor-size-default\">Accompagnement technique<\/h3>\t\t\t\t<\/div>\n\t\t\t\t<\/div>\n\t\t\t\t<div class=\"elementor-element elementor-element-7d76a13 elementor-widget elementor-widget-text-editor\" data-id=\"7d76a13\" data-element_type=\"widget\" data-e-type=\"widget\" data-widget_type=\"text-editor.default\">\n\t\t\t\t<div class=\"elementor-widget-container\">\n\t\t\t\t\t\t\t\t\t<p>En amont de l\u2019\u00e9v\u00e9nement, nous pouvons intervenir pour r\u00e9fl\u00e9chir avec vous \u00e0 l\u2019implantation et \u00e0 l\u2019organisation g\u00e9n\u00e9rale des espaces.<br \/>Lecture du terrain, circulation du public, positionnement des chapiteaux, acc\u00e8s techniques ou contraintes particuli\u00e8res : ce travail pr\u00e9paratoire permet d\u2019anticiper les besoins et de faciliter l\u2019installation.<br \/>L\u2019objectif est de concevoir un espace fluide, fonctionnel et s\u00e9curis\u00e9, en lien direct avec l\u2019usage pr\u00e9vu du site.<\/p>\t\t\t\t\t\t\t\t<\/div>\n\t\t\t\t<\/div>\n\t\t\t\t<div class=\"elementor-element elementor-element-9300e3b elementor-widget elementor-widget-heading\" data-id=\"9300e3b\" data-element_type=\"widget\" data-e-type=\"widget\" data-widget_type=\"heading.default\">\n\t\t\t\t<div class=\"elementor-widget-container\">\n\t\t\t\t\t<h3 class=\"elementor-heading-title elementor-size-default\">R\u00e9gie technique<\/h3>\t\t\t\t<\/div>\n\t\t\t\t<\/div>\n\t\t\t\t<div class=\"elementor-element elementor-element-8c84904 elementor-widget elementor-widget-text-editor\" data-id=\"8c84904\" data-element_type=\"widget\" data-e-type=\"widget\" data-widget_type=\"text-editor.default\">\n\t\t\t\t<div class=\"elementor-widget-container\">\n\t\t\t\t\t\t\t\t\t<p>Pour les \u00e9v\u00e9nements n\u00e9cessitant un suivi plus pr\u00e9cis, nous proposons \u00e9galement une r\u00e9gie technique.<br \/>Cette mission consiste \u00e0 coordonner les installations li\u00e9es aux structures et \u00e0 leur environnement : montage, implantation, circulation technique, gestion des contraintes du site et lien avec les \u00e9quipes pr\u00e9sentes.<\/p><p>Nous pouvons \u00e9galement assurer la r\u00e9gie technique de concerts et de spectacles :<br \/>coordination des installations sc\u00e9niques, suivi des balances et des temps techniques, lien avec les \u00e9quipes artistiques, gestion du plateau et des contraintes du lieu. Cette pr\u00e9sence permet d\u2019assurer un d\u00e9roul\u00e9 fluide et s\u00e9curis\u00e9 des repr\u00e9sentations.<\/p><p>La r\u00e9gie technique permet d\u2019assurer une coh\u00e9rence entre les diff\u00e9rents temps de l\u2019\u00e9v\u00e9nement : pr\u00e9paration du terrain, montage des structures, exploitation pendant l\u2019\u00e9v\u00e9nement et d\u00e9montage.<br \/>Elle offre aux organisateurs comme aux \u00e9quipes artistiques un cadre clair et fiable pour travailler sereinement.<\/p><p>Habitu\u00e9s aux montages itin\u00e9rants et aux configurations vari\u00e9es, nous adaptons cette pr\u00e9sence technique \u00e0 chaque projet, qu\u2019il s\u2019agisse d\u2019un festival, d\u2019un \u00e9v\u00e9nement culturel ou d\u2019une r\u00e9ception accueillant du public.<\/p><p><strong>\u00a0<\/strong><\/p>\t\t\t\t\t\t\t\t<\/div>\n\t\t\t\t<\/div>\n\t\t\t\t<div class=\"elementor-element elementor-element-d14c5d4 elementor-widget elementor-widget-image\" data-id=\"d14c5d4\" data-element_type=\"widget\" data-e-type=\"widget\" data-widget_type=\"image.default\">\n\t\t\t\t<div class=\"elementor-widget-container\">\n\t\t\t\t\t\t\t\t\t\t\t\t\t\t\t<img fetchpriority=\"high\" width=\"1024\" height=\"576\" class=\"attachment-large size-large wp-image-1854 lws-optimize-lazyload\" alt=\"regie technique baltringue\" srcset=\"https:\/\/baltringuesetcie.fr\/wp-content\/uploads\/2026\/02\/regie-technique-baltringue-1024x576.jpg 1024w, https:\/\/baltringuesetcie.fr\/wp-content\/uploads\/2026\/02\/regie-technique-baltringue-300x169.jpg 300w, https:\/\/baltringuesetcie.fr\/wp-content\/uploads\/2026\/02\/regie-technique-baltringue-768x432.jpg 768w, https:\/\/baltringuesetcie.fr\/wp-content\/uploads\/2026\/02\/regie-technique-baltringue-1536x864.jpg 1536w, https:\/\/baltringuesetcie.fr\/wp-content\/uploads\/2026\/02\/regie-technique-baltringue.jpg 2048w\" sizes=\"(max-width: 1024px) 100vw, 1024px\" data-src=\"https:\/\/baltringuesetcie.fr\/wp-content\/uploads\/2026\/02\/regie-technique-baltringue-1024x576.jpg\" title=\"Prestation compl\u00e9mentaire\">\t\t\t\t\t\t\t\t\t\t\t\t\t\t\t<\/div>\n\t\t\t\t<\/div>\n\t\t\t\t<\/div>\n\t\t\t\t<\/div>\n\t\t\t\t<\/div>\n\t\t\t\t\t<\/div>\n\t\t\t\t<\/div>\n\t\t<div class=\"elementor-element elementor-element-41391fe e-flex e-con-boxed e-con e-parent\" data-id=\"41391fe\" data-element_type=\"container\" data-e-type=\"container\">\n\t\t\t\t\t<div class=\"e-con-inner\">\n\t\t\t\t<div class=\"elementor-element elementor-element-c0a7778 elementor-align-center elementor-widget elementor-widget-button\" data-id=\"c0a7778\" data-element_type=\"widget\" data-e-type=\"widget\" data-widget_type=\"button.default\">\n\t\t\t\t<div class=\"elementor-widget-container\">\n\t\t\t\t\t\t\t\t\t<div class=\"elementor-button-wrapper\">\n\t\t\t\t\t<a class=\"elementor-button elementor-button-link elementor-size-sm\" href=\"https:\/\/baltringuesetcie.fr\/en\/tous-nos-chapiteaux\/\">\n\t\t\t\t\t\t<span class=\"elementor-button-content-wrapper\">\n\t\t\t\t\t\t\t\t\t<span class=\"elementor-button-text\">revenir a la page precedente<\/span>\n\t\t\t\t\t<\/span>\n\t\t\t\t\t<\/a>\n\t\t\t\t<\/div>\n\t\t\t\t\t\t\t\t<\/div>\n\t\t\t\t<\/div>\n\t\t\t\t\t<\/div>\n\t\t\t\t<\/div>\n\t\t\t\t<\/div>","protected":false},"excerpt":{"rendered":"<p>Prestations compl\u00e9mentaires Accompagnement et r\u00e9gie technique Au-del\u00e0 de la location de chapiteaux, nous pouvons accompagner les organisateurs dans la mise en place technique de leur \u00e9v\u00e9nement. Chaque projet poss\u00e8de ses sp\u00e9cificit\u00e9s : terrain, public, contraintes logistiques ou techniques. Cet accompagnement permet d\u2019assurer une installation coh\u00e9rente et adapt\u00e9e \u00e0 la r\u00e9alit\u00e9 du site. Accompagnement technique En [&hellip;]<\/p>","protected":false},"author":1,"featured_media":0,"parent":0,"menu_order":0,"comment_status":"closed","ping_status":"closed","template":"","meta":{"site-sidebar-layout":"no-sidebar","site-content-layout":"page-builder","ast-site-content-layout":"full-width-container","site-content-style":"unboxed","site-sidebar-style":"unboxed","ast-global-header-display":"","ast-banner-title-visibility":"","ast-main-header-display":"","ast-hfb-above-header-display":"","ast-hfb-below-header-display":"","ast-hfb-mobile-header-display":"","site-post-title":"disabled","ast-breadcrumbs-content":"disabled","ast-featured-img":"disabled","footer-sml-layout":"","ast-disable-related-posts":"","theme-transparent-header-meta":"enabled","adv-header-id-meta":"","stick-header-meta":"","header-above-stick-meta":"","header-main-stick-meta":"","header-below-stick-meta":"","astra-migrate-meta-layouts":"set","ast-page-background-enabled":"default","ast-page-background-meta":{"desktop":{"background-color":"var(--ast-global-color-4)","background-image":"","background-repeat":"repeat","background-position":"center center","background-size":"auto","background-attachment":"scroll","background-type":"","background-media":"","overlay-type":"","overlay-color":"","overlay-opacity":"","overlay-gradient":""},"tablet":{"background-color":"","background-image":"","background-repeat":"repeat","background-position":"center center","background-size":"auto","background-attachment":"scroll","background-type":"","background-media":"","overlay-type":"","overlay-color":"","overlay-opacity":"","overlay-gradient":""},"mobile":{"background-color":"","background-image":"","background-repeat":"repeat","background-position":"center center","background-size":"auto","background-attachment":"scroll","background-type":"","background-media":"","overlay-type":"","overlay-color":"","overlay-opacity":"","overlay-gradient":""}},"ast-content-background-meta":{"desktop":{"background-color":"var(--ast-global-color-5)","background-image":"","background-repeat":"repeat","background-position":"center center","background-size":"auto","background-attachment":"scroll","background-type":"","background-media":"","overlay-type":"","overlay-color":"","overlay-opacity":"","overlay-gradient":""},"tablet":{"background-color":"var(--ast-global-color-5)","background-image":"","background-repeat":"repeat","background-position":"center center","background-size":"auto","background-attachment":"scroll","background-type":"","background-media":"","overlay-type":"","overlay-color":"","overlay-opacity":"","overlay-gradient":""},"mobile":{"background-color":"var(--ast-global-color-5)","background-image":"","background-repeat":"repeat","background-position":"center center","background-size":"auto","background-attachment":"scroll","background-type":"","background-media":"","overlay-type":"","overlay-color":"","overlay-opacity":"","overlay-gradient":""}},"footnotes":""},"class_list":["post-1659","page","type-page","status-publish","hentry"],"yoast_head":"<!-- This site is optimized with the Yoast SEO plugin v27.6 - https:\/\/yoast.com\/product\/yoast-seo-wordpress\/ -->\n<title>Prestation compl\u00e9mentaire - Baltringues et cie<\/title>\n<meta name=\"robots\" content=\"index, follow, max-snippet:-1, max-image-preview:large, max-video-preview:-1\" \/>\n<link rel=\"canonical\" href=\"https:\/\/baltringuesetcie.fr\/en\/prestation-complementaire\/\" \/>\n<meta property=\"og:locale\" content=\"en_GB\" \/>\n<meta property=\"og:type\" content=\"article\" \/>\n<meta property=\"og:title\" content=\"Prestation compl\u00e9mentaire - Baltringues et cie\" \/>\n<meta property=\"og:description\" content=\"Prestations compl\u00e9mentaires Accompagnement et r\u00e9gie technique Au-del\u00e0 de la location de chapiteaux, nous pouvons accompagner les organisateurs dans la mise en place technique de leur \u00e9v\u00e9nement. Chaque projet poss\u00e8de ses sp\u00e9cificit\u00e9s : terrain, public, contraintes logistiques ou techniques. Cet accompagnement permet d\u2019assurer une installation coh\u00e9rente et adapt\u00e9e \u00e0 la r\u00e9alit\u00e9 du site. Accompagnement technique En [&hellip;]\" \/>\n<meta property=\"og:url\" content=\"https:\/\/baltringuesetcie.fr\/en\/prestation-complementaire\/\" \/>\n<meta property=\"og:site_name\" content=\"Baltringues et cie\" \/>\n<meta property=\"article:modified_time\" content=\"2026-02-09T14:20:23+00:00\" \/>\n<meta property=\"og:image\" content=\"https:\/\/baltringuesetcie.fr\/wp-content\/uploads\/2026\/02\/regie-technique-baltringue.jpg\" \/>\n\t<meta property=\"og:image:width\" content=\"2048\" \/>\n\t<meta property=\"og:image:height\" content=\"1152\" \/>\n\t<meta property=\"og:image:type\" content=\"image\/jpeg\" \/>\n<meta name=\"twitter:card\" content=\"summary_large_image\" \/>\n<meta name=\"twitter:label1\" content=\"Estimated reading time\" \/>\n\t<meta name=\"twitter:data1\" content=\"2 minutes\" \/>\n<script type=\"application\/ld+json\" class=\"yoast-schema-graph\">{\"@context\":\"https:\\\/\\\/schema.org\",\"@graph\":[{\"@type\":\"WebPage\",\"@id\":\"https:\\\/\\\/baltringuesetcie.fr\\\/prestation-complementaire\\\/\",\"url\":\"https:\\\/\\\/baltringuesetcie.fr\\\/prestation-complementaire\\\/\",\"name\":\"Prestation compl\u00e9mentaire - Baltringues et cie\",\"isPartOf\":{\"@id\":\"https:\\\/\\\/baltringuesetcie.fr\\\/#website\"},\"primaryImageOfPage\":{\"@id\":\"https:\\\/\\\/baltringuesetcie.fr\\\/prestation-complementaire\\\/#primaryimage\"},\"image\":{\"@id\":\"https:\\\/\\\/baltringuesetcie.fr\\\/prestation-complementaire\\\/#primaryimage\"},\"thumbnailUrl\":\"https:\\\/\\\/baltringuesetcie.fr\\\/wp-content\\\/uploads\\\/2026\\\/02\\\/regie-technique-baltringue-1024x576.jpg\",\"datePublished\":\"2026-02-08T12:00:45+00:00\",\"dateModified\":\"2026-02-09T14:20:23+00:00\",\"breadcrumb\":{\"@id\":\"https:\\\/\\\/baltringuesetcie.fr\\\/prestation-complementaire\\\/#breadcrumb\"},\"inLanguage\":\"en-GB\",\"potentialAction\":[{\"@type\":\"ReadAction\",\"target\":[\"https:\\\/\\\/baltringuesetcie.fr\\\/prestation-complementaire\\\/\"]}]},{\"@type\":\"ImageObject\",\"inLanguage\":\"en-GB\",\"@id\":\"https:\\\/\\\/baltringuesetcie.fr\\\/prestation-complementaire\\\/#primaryimage\",\"url\":\"https:\\\/\\\/baltringuesetcie.fr\\\/wp-content\\\/uploads\\\/2026\\\/02\\\/regie-technique-baltringue-1024x576.jpg\",\"contentUrl\":\"https:\\\/\\\/baltringuesetcie.fr\\\/wp-content\\\/uploads\\\/2026\\\/02\\\/regie-technique-baltringue-1024x576.jpg\"},{\"@type\":\"BreadcrumbList\",\"@id\":\"https:\\\/\\\/baltringuesetcie.fr\\\/prestation-complementaire\\\/#breadcrumb\",\"itemListElement\":[{\"@type\":\"ListItem\",\"position\":1,\"name\":\"Home\",\"item\":\"https:\\\/\\\/baltringuesetcie.fr\\\/\"},{\"@type\":\"ListItem\",\"position\":2,\"name\":\"Prestation compl\u00e9mentaire\"}]},{\"@type\":\"WebSite\",\"@id\":\"https:\\\/\\\/baltringuesetcie.fr\\\/#website\",\"url\":\"https:\\\/\\\/baltringuesetcie.fr\\\/\",\"name\":\"Baltringues et cie\",\"description\":\"\",\"publisher\":{\"@id\":\"https:\\\/\\\/baltringuesetcie.fr\\\/#organization\"},\"potentialAction\":[{\"@type\":\"SearchAction\",\"target\":{\"@type\":\"EntryPoint\",\"urlTemplate\":\"https:\\\/\\\/baltringuesetcie.fr\\\/?s={search_term_string}\"},\"query-input\":{\"@type\":\"PropertyValueSpecification\",\"valueRequired\":true,\"valueName\":\"search_term_string\"}}],\"inLanguage\":\"en-GB\"},{\"@type\":\"Organization\",\"@id\":\"https:\\\/\\\/baltringuesetcie.fr\\\/#organization\",\"name\":\"Baltringues et cie\",\"url\":\"https:\\\/\\\/baltringuesetcie.fr\\\/\",\"logo\":{\"@type\":\"ImageObject\",\"inLanguage\":\"en-GB\",\"@id\":\"https:\\\/\\\/baltringuesetcie.fr\\\/#\\\/schema\\\/logo\\\/image\\\/\",\"url\":\"https:\\\/\\\/baltringuesetcie.fr\\\/wp-content\\\/uploads\\\/2026\\\/02\\\/cropped-baltringues-blanc-trans.png\",\"contentUrl\":\"https:\\\/\\\/baltringuesetcie.fr\\\/wp-content\\\/uploads\\\/2026\\\/02\\\/cropped-baltringues-blanc-trans.png\",\"width\":960,\"height\":338,\"caption\":\"Baltringues et cie\"},\"image\":{\"@id\":\"https:\\\/\\\/baltringuesetcie.fr\\\/#\\\/schema\\\/logo\\\/image\\\/\"}}]}<\/script>\n<!-- \/ Yoast SEO plugin. -->","yoast_head_json":{"title":"Prestation compl\u00e9mentaire - Baltringues et cie","robots":{"index":"index","follow":"follow","max-snippet":"max-snippet:-1","max-image-preview":"max-image-preview:large","max-video-preview":"max-video-preview:-1"},"canonical":"https:\/\/baltringuesetcie.fr\/en\/prestation-complementaire\/","og_locale":"en_GB","og_type":"article","og_title":"Prestation compl\u00e9mentaire - Baltringues et cie","og_description":"Prestations compl\u00e9mentaires Accompagnement et r\u00e9gie technique Au-del\u00e0 de la location de chapiteaux, nous pouvons accompagner les organisateurs dans la mise en place technique de leur \u00e9v\u00e9nement. Chaque projet poss\u00e8de ses sp\u00e9cificit\u00e9s : terrain, public, contraintes logistiques ou techniques. Cet accompagnement permet d\u2019assurer une installation coh\u00e9rente et adapt\u00e9e \u00e0 la r\u00e9alit\u00e9 du site. Accompagnement technique En [&hellip;]","og_url":"https:\/\/baltringuesetcie.fr\/en\/prestation-complementaire\/","og_site_name":"Baltringues et cie","article_modified_time":"2026-02-09T14:20:23+00:00","og_image":[{"width":2048,"height":1152,"url":"https:\/\/baltringuesetcie.fr\/wp-content\/uploads\/2026\/02\/regie-technique-baltringue.jpg","type":"image\/jpeg"}],"twitter_card":"summary_large_image","twitter_misc":{"Estimated reading time":"2 minutes"},"schema":{"@context":"https:\/\/schema.org","@graph":[{"@type":"WebPage","@id":"https:\/\/baltringuesetcie.fr\/prestation-complementaire\/","url":"https:\/\/baltringuesetcie.fr\/prestation-complementaire\/","name":"Prestation compl\u00e9mentaire - Baltringues et cie","isPartOf":{"@id":"https:\/\/baltringuesetcie.fr\/#website"},"primaryImageOfPage":{"@id":"https:\/\/baltringuesetcie.fr\/prestation-complementaire\/#primaryimage"},"image":{"@id":"https:\/\/baltringuesetcie.fr\/prestation-complementaire\/#primaryimage"},"thumbnailUrl":"https:\/\/baltringuesetcie.fr\/wp-content\/uploads\/2026\/02\/regie-technique-baltringue-1024x576.jpg","datePublished":"2026-02-08T12:00:45+00:00","dateModified":"2026-02-09T14:20:23+00:00","breadcrumb":{"@id":"https:\/\/baltringuesetcie.fr\/prestation-complementaire\/#breadcrumb"},"inLanguage":"en-GB","potentialAction":[{"@type":"ReadAction","target":["https:\/\/baltringuesetcie.fr\/prestation-complementaire\/"]}]},{"@type":"ImageObject","inLanguage":"en-GB","@id":"https:\/\/baltringuesetcie.fr\/prestation-complementaire\/#primaryimage","url":"https:\/\/baltringuesetcie.fr\/wp-content\/uploads\/2026\/02\/regie-technique-baltringue-1024x576.jpg","contentUrl":"https:\/\/baltringuesetcie.fr\/wp-content\/uploads\/2026\/02\/regie-technique-baltringue-1024x576.jpg"},{"@type":"BreadcrumbList","@id":"https:\/\/baltringuesetcie.fr\/prestation-complementaire\/#breadcrumb","itemListElement":[{"@type":"ListItem","position":1,"name":"Home","item":"https:\/\/baltringuesetcie.fr\/"},{"@type":"ListItem","position":2,"name":"Prestation compl\u00e9mentaire"}]},{"@type":"WebSite","@id":"https:\/\/baltringuesetcie.fr\/#website","url":"https:\/\/baltringuesetcie.fr\/","name":"Baltringues et cie","description":"","publisher":{"@id":"https:\/\/baltringuesetcie.fr\/#organization"},"potentialAction":[{"@type":"SearchAction","target":{"@type":"EntryPoint","urlTemplate":"https:\/\/baltringuesetcie.fr\/?s={search_term_string}"},"query-input":{"@type":"PropertyValueSpecification","valueRequired":true,"valueName":"search_term_string"}}],"inLanguage":"en-GB"},{"@type":"Organization","@id":"https:\/\/baltringuesetcie.fr\/#organization","name":"Baltringues et cie","url":"https:\/\/baltringuesetcie.fr\/","logo":{"@type":"ImageObject","inLanguage":"en-GB","@id":"https:\/\/baltringuesetcie.fr\/#\/schema\/logo\/image\/","url":"https:\/\/baltringuesetcie.fr\/wp-content\/uploads\/2026\/02\/cropped-baltringues-blanc-trans.png","contentUrl":"https:\/\/baltringuesetcie.fr\/wp-content\/uploads\/2026\/02\/cropped-baltringues-blanc-trans.png","width":960,"height":338,"caption":"Baltringues et cie"},"image":{"@id":"https:\/\/baltringuesetcie.fr\/#\/schema\/logo\/image\/"}}]}},"_links":{"self":[{"href":"https:\/\/baltringuesetcie.fr\/en\/wp-json\/wp\/v2\/pages\/1659","targetHints":{"allow":["GET"]}}],"collection":[{"href":"https:\/\/baltringuesetcie.fr\/en\/wp-json\/wp\/v2\/pages"}],"about":[{"href":"https:\/\/baltringuesetcie.fr\/en\/wp-json\/wp\/v2\/types\/page"}],"author":[{"embeddable":true,"href":"https:\/\/baltringuesetcie.fr\/en\/wp-json\/wp\/v2\/users\/1"}],"replies":[{"embeddable":true,"href":"https:\/\/baltringuesetcie.fr\/en\/wp-json\/wp\/v2\/comments?post=1659"}],"version-history":[{"count":10,"href":"https:\/\/baltringuesetcie.fr\/en\/wp-json\/wp\/v2\/pages\/1659\/revisions"}],"predecessor-version":[{"id":2156,"href":"https:\/\/baltringuesetcie.fr\/en\/wp-json\/wp\/v2\/pages\/1659\/revisions\/2156"}],"wp:attachment":[{"href":"https:\/\/baltringuesetcie.fr\/en\/wp-json\/wp\/v2\/media?parent=1659"}],"curies":[{"name":"wp","href":"https:\/\/api.w.org\/{rel}","templated":true}]}}