{"id":1666,"date":"2026-02-08T13:03:56","date_gmt":"2026-02-08T12:03:56","guid":{"rendered":"https:\/\/baltringuesetcie.fr\/?page_id=1666"},"modified":"2026-02-08T17:37:59","modified_gmt":"2026-02-08T16:37:59","slug":"transport-acces","status":"publish","type":"page","link":"https:\/\/baltringuesetcie.fr\/en\/transport-acces\/","title":{"rendered":"Transport &#038; Acc\u00e8s"},"content":{"rendered":"<div data-elementor-type=\"wp-page\" data-elementor-id=\"1666\" class=\"elementor elementor-1666\">\n\t\t\t\t<div class=\"elementor-element elementor-element-122e55f e-flex e-con-boxed e-con e-parent\" data-id=\"122e55f\" data-element_type=\"container\" data-e-type=\"container\" data-settings=\"{&quot;background_background&quot;:&quot;classic&quot;}\">\n\t\t\t\t\t<div class=\"e-con-inner\">\n\t\t<div class=\"elementor-element elementor-element-d4f38d4 e-con-full e-flex e-con e-child\" data-id=\"d4f38d4\" data-element_type=\"container\" data-e-type=\"container\">\n\t\t\t\t<div class=\"elementor-element elementor-element-63d7f54 elementor-widget elementor-widget-heading\" data-id=\"63d7f54\" data-element_type=\"widget\" data-e-type=\"widget\" data-widget_type=\"heading.default\">\n\t\t\t\t<div class=\"elementor-widget-container\">\n\t\t\t\t\t<h1 class=\"elementor-heading-title elementor-size-default\">Transport &amp; Acc\u00e8s<\/h1>\t\t\t\t<\/div>\n\t\t\t\t<\/div>\n\t\t\t\t<\/div>\n\t\t\t\t\t<\/div>\n\t\t\t\t<\/div>\n\t\t<div class=\"elementor-element elementor-element-5042c3a e-flex e-con-boxed e-con e-parent\" data-id=\"5042c3a\" data-element_type=\"container\" data-e-type=\"container\" data-settings=\"{&quot;background_background&quot;:&quot;classic&quot;}\">\n\t\t\t\t\t<div class=\"e-con-inner\">\n\t\t<div class=\"elementor-element elementor-element-eeba45c e-con-full e-flex e-con e-child\" data-id=\"eeba45c\" data-element_type=\"container\" data-e-type=\"container\">\n\t\t<div class=\"elementor-element elementor-element-76f51b9 e-con-full e-flex e-con e-child\" data-id=\"76f51b9\" data-element_type=\"container\" data-e-type=\"container\">\n\t\t<div class=\"elementor-element elementor-element-152a051 e-con-full e-flex e-con e-child\" data-id=\"152a051\" data-element_type=\"container\" data-e-type=\"container\">\n\t\t\t\t<div class=\"elementor-element elementor-element-0ec944a elementor-widget elementor-widget-button\" data-id=\"0ec944a\" data-element_type=\"widget\" data-e-type=\"widget\" data-widget_type=\"button.default\">\n\t\t\t\t<div class=\"elementor-widget-container\">\n\t\t\t\t\t\t\t\t\t<div class=\"elementor-button-wrapper\">\n\t\t\t\t\t<a class=\"elementor-button elementor-button-link elementor-size-sm\" href=\"https:\/\/baltringuesetcie.fr\/en\/baltringues-compagnie\/montage-chapiteau-ressources\/\">\n\t\t\t\t\t\t<span class=\"elementor-button-content-wrapper\">\n\t\t\t\t\t\t<span class=\"elementor-button-icon\">\n\t\t\t\t<i aria-hidden=\"true\" class=\"far fa-arrow-alt-circle-left\"><\/i>\t\t\t<\/span>\n\t\t\t\t\t\t\t\t\t<span class=\"elementor-button-text\">ressources<\/span>\n\t\t\t\t\t<\/span>\n\t\t\t\t\t<\/a>\n\t\t\t\t<\/div>\n\t\t\t\t\t\t\t\t<\/div>\n\t\t\t\t<\/div>\n\t\t\t\t<div class=\"elementor-element elementor-element-567136b elementor-widget elementor-widget-text-editor\" data-id=\"567136b\" data-element_type=\"widget\" data-e-type=\"widget\" data-widget_type=\"text-editor.default\">\n\t\t\t\t<div class=\"elementor-widget-container\">\n\t\t\t\t\t\t\t\t\t<p><em>Des chapiteaux pens\u00e9s pour se d\u00e9placer facilement<\/em><\/p><p>Le transport d\u2019un chapiteau est un \u00e9l\u00e9ment important dans l\u2019organisation d\u2019un \u00e9v\u00e9nement. Selon les structures et les \u00e9quipes, il peut n\u00e9cessiter des moyens lourds ou, au contraire, rester souple et discret.<\/p><p>Nous avons fait le choix de privil\u00e9gier des transports en v\u00e9hicules l\u00e9gers plut\u00f4t qu\u2019en poids lourds, afin de faciliter l\u2019acc\u00e8s aux sites et de limiter les contraintes logistiques.<\/p>\t\t\t\t\t\t\t\t<\/div>\n\t\t\t\t<\/div>\n\t\t\t\t<div class=\"elementor-element elementor-element-627be20 elementor-widget elementor-widget-heading\" data-id=\"627be20\" data-element_type=\"widget\" data-e-type=\"widget\" data-widget_type=\"heading.default\">\n\t\t\t\t<div class=\"elementor-widget-container\">\n\t\t\t\t\t<h3 class=\"elementor-heading-title elementor-size-default\">Acc\u00e8s facilit\u00e9 aux sites<\/h3>\t\t\t\t<\/div>\n\t\t\t\t<\/div>\n\t\t\t\t<div class=\"elementor-element elementor-element-022e4b0 elementor-widget elementor-widget-text-editor\" data-id=\"022e4b0\" data-element_type=\"widget\" data-e-type=\"widget\" data-widget_type=\"text-editor.default\">\n\t\t\t\t<div class=\"elementor-widget-container\">\n\t\t\t\t\t\t\t\t\t<p>Le d\u00e9placement en v\u00e9hicule l\u00e9ger permet d\u2019acc\u00e9der \u00e0 des lieux parfois difficiles pour des camions :<br \/>petites routes de campagne, centres-bourgs, terrains naturels, lieux isol\u00e9s ou acc\u00e8s \u00e9troits.<\/p><p>Cette souplesse est particuli\u00e8rement utile pour :<\/p><ul><li>\u00e9v\u00e9nements en milieu rural<\/li><li>jardins priv\u00e9s ou lieux atypiques<\/li><li>centres historiques<\/li><li>sites naturels ou terrains temporaires<\/li><\/ul><p>L\u2019installation devient plus simple et plus rapide, m\u00eame dans des endroits peu accessibles.<\/p>\t\t\t\t\t\t\t\t<\/div>\n\t\t\t\t<\/div>\n\t\t\t\t<div class=\"elementor-element elementor-element-9435364 elementor-widget elementor-widget-heading\" data-id=\"9435364\" data-element_type=\"widget\" data-e-type=\"widget\" data-widget_type=\"heading.default\">\n\t\t\t\t<div class=\"elementor-widget-container\">\n\t\t\t\t\t<h3 class=\"elementor-heading-title elementor-size-default\">Logistique plus l\u00e9g\u00e8re<\/h3>\t\t\t\t<\/div>\n\t\t\t\t<\/div>\n\t\t\t\t<div class=\"elementor-element elementor-element-e7fddb2 elementor-widget elementor-widget-text-editor\" data-id=\"e7fddb2\" data-element_type=\"widget\" data-e-type=\"widget\" data-widget_type=\"text-editor.default\">\n\t\t\t\t<div class=\"elementor-widget-container\">\n\t\t\t\t\t\t\t\t\t<p>Un transport en v\u00e9hicule l\u00e9ger implique moins de contraintes qu\u2019un convoi en poids lourds :<br \/>stationnement plus simple, circulation facilit\u00e9e, implantation plus discr\u00e8te sur site.<br \/>Cela permet de s\u2019adapter plus facilement au rythme de l\u2019\u00e9v\u00e9nement et de limiter l\u2019impact sur l\u2019environnement imm\u00e9diat.<\/p>\t\t\t\t\t\t\t\t<\/div>\n\t\t\t\t<\/div>\n\t\t\t\t<div class=\"elementor-element elementor-element-b2612c1 elementor-widget elementor-widget-heading\" data-id=\"b2612c1\" data-element_type=\"widget\" data-e-type=\"widget\" data-widget_type=\"heading.default\">\n\t\t\t\t<div class=\"elementor-widget-container\">\n\t\t\t\t\t<h3 class=\"elementor-heading-title elementor-size-default\">Co\u00fbt de transport ma\u00eetris\u00e9<\/h3>\t\t\t\t<\/div>\n\t\t\t\t<\/div>\n\t\t\t\t<div class=\"elementor-element elementor-element-d9aff20 elementor-widget elementor-widget-text-editor\" data-id=\"d9aff20\" data-element_type=\"widget\" data-e-type=\"widget\" data-widget_type=\"text-editor.default\">\n\t\t\t\t<div class=\"elementor-widget-container\">\n\t\t\t\t\t\t\t\t\t<p>Le recours \u00e0 des v\u00e9hicules l\u00e9gers permet \u00e9galement de r\u00e9duire les co\u00fbts li\u00e9s au transport : carburant, p\u00e9ages, logistique lourde ou besoins sp\u00e9cifiques d\u2019acc\u00e8s.<br \/>Cette optimisation rend l\u2019installation de chapiteaux plus accessible pour de nombreux projets, tout en conservant des structures professionnelles et adapt\u00e9es aux \u00e9v\u00e9nements.<\/p>\t\t\t\t\t\t\t\t<\/div>\n\t\t\t\t<\/div>\n\t\t\t\t<div class=\"elementor-element elementor-element-a61c874 elementor-widget elementor-widget-heading\" data-id=\"a61c874\" data-element_type=\"widget\" data-e-type=\"widget\" data-widget_type=\"heading.default\">\n\t\t\t\t<div class=\"elementor-widget-container\">\n\t\t\t\t\t<h3 class=\"elementor-heading-title elementor-size-default\">Une approche coh\u00e9rente avec l\u2019itin\u00e9rance<\/h3>\t\t\t\t<\/div>\n\t\t\t\t<\/div>\n\t\t\t\t<div class=\"elementor-element elementor-element-f4cafd8 elementor-widget elementor-widget-text-editor\" data-id=\"f4cafd8\" data-element_type=\"widget\" data-e-type=\"widget\" data-widget_type=\"text-editor.default\">\n\t\t\t\t<div class=\"elementor-widget-container\">\n\t\t\t\t\t\t\t\t\t<p>Issus du monde du spectacle itin\u00e9rant, nos chapiteaux sont pens\u00e9s pour voyager efficacement.<br \/>Se d\u00e9placer en v\u00e9hicule l\u00e9ger prolonge cette logique : rester mobiles, souples et capables de s\u2019adapter \u00e0 des lieux vari\u00e9s.<br \/>Une organisation simple, efficace et adapt\u00e9e aux r\u00e9alit\u00e9s du terrain, au service des \u00e9v\u00e9nements qui prennent place sous chapiteau.<\/p>\t\t\t\t\t\t\t\t<\/div>\n\t\t\t\t<\/div>\n\t\t\t\t<div class=\"elementor-element elementor-element-5143f23 elementor-widget elementor-widget-image\" data-id=\"5143f23\" data-element_type=\"widget\" data-e-type=\"widget\" data-widget_type=\"image.default\">\n\t\t\t\t<div class=\"elementor-widget-container\">\n\t\t\t\t\t\t\t\t\t\t\t\t\t\t\t<img fetchpriority=\"high\" width=\"1024\" height=\"543\" class=\"attachment-large size-large wp-image-43 lws-optimize-lazyload\" alt=\"Bjbn 1024x543\" srcset=\"https:\/\/baltringuesetcie.fr\/wp-content\/uploads\/2026\/02\/bjbn-1024x543.jpg 1024w, https:\/\/baltringuesetcie.fr\/wp-content\/uploads\/2026\/02\/bjbn-300x159.jpg 300w, https:\/\/baltringuesetcie.fr\/wp-content\/uploads\/2026\/02\/bjbn-768x407.jpg 768w, https:\/\/baltringuesetcie.fr\/wp-content\/uploads\/2026\/02\/bjbn-1536x814.jpg 1536w, https:\/\/baltringuesetcie.fr\/wp-content\/uploads\/2026\/02\/bjbn-2048x1085.jpg 2048w\" sizes=\"(max-width: 1024px) 100vw, 1024px\" data-src=\"https:\/\/baltringuesetcie.fr\/wp-content\/uploads\/2026\/02\/bjbn-1024x543.jpg\" title=\"Transport &amp; Acc\u00e8s\">\t\t\t\t\t\t\t\t\t\t\t\t\t\t\t<\/div>\n\t\t\t\t<\/div>\n\t\t\t\t<\/div>\n\t\t\t\t<\/div>\n\t\t<div class=\"elementor-element elementor-element-c605f92 e-con-full e-flex e-con e-child\" data-id=\"c605f92\" data-element_type=\"container\" data-e-type=\"container\">\n\t\t<div class=\"elementor-element elementor-element-8d1658f e-con-full e-flex e-con e-child\" data-id=\"8d1658f\" data-element_type=\"container\" data-e-type=\"container\">\n\t\t\t\t<\/div>\n\t\t<div class=\"elementor-element elementor-element-f269c91 e-con-full e-flex e-con e-child\" data-id=\"f269c91\" data-element_type=\"container\" data-e-type=\"container\">\n\t\t\t\t<\/div>\n\t\t<div class=\"elementor-element elementor-element-46e717b e-con-full e-flex e-con e-child\" data-id=\"46e717b\" data-element_type=\"container\" data-e-type=\"container\">\n\t\t\t\t<\/div>\n\t\t\t\t<\/div>\n\t\t<div class=\"elementor-element elementor-element-6d29d9d e-con-full e-flex e-con e-child\" data-id=\"6d29d9d\" data-element_type=\"container\" data-e-type=\"container\">\n\t\t<div class=\"elementor-element elementor-element-282d442 e-con-full e-flex e-con e-child\" data-id=\"282d442\" data-element_type=\"container\" data-e-type=\"container\">\n\t\t\t\t<\/div>\n\t\t<div class=\"elementor-element elementor-element-343963c e-con-full e-flex e-con e-child\" data-id=\"343963c\" data-element_type=\"container\" data-e-type=\"container\">\n\t\t\t\t<\/div>\n\t\t<div class=\"elementor-element elementor-element-0f33f9c e-con-full e-flex e-con e-child\" data-id=\"0f33f9c\" data-element_type=\"container\" data-e-type=\"container\">\n\t\t\t\t<\/div>\n\t\t\t\t<\/div>\n\t\t\t\t<\/div>\n\t\t\t\t\t<\/div>\n\t\t\t\t<\/div>\n\t\t<div class=\"elementor-element elementor-element-3f166c5 e-flex e-con-boxed e-con e-parent\" data-id=\"3f166c5\" data-element_type=\"container\" data-e-type=\"container\" data-settings=\"{&quot;background_background&quot;:&quot;classic&quot;}\">\n\t\t\t\t\t<div class=\"e-con-inner\">\n\t\t<div class=\"elementor-element elementor-element-c1c0aaa e-con-full e-flex e-con e-child\" data-id=\"c1c0aaa\" data-element_type=\"container\" data-e-type=\"container\">\n\t\t\t\t<\/div>\n\t\t\t\t\t<\/div>\n\t\t\t\t<\/div>\n\t\t\t\t<\/div>","protected":false},"excerpt":{"rendered":"<p>Transport &amp; Acc\u00e8s ressources Des chapiteaux pens\u00e9s pour se d\u00e9placer facilement Le transport d\u2019un chapiteau est un \u00e9l\u00e9ment important dans l\u2019organisation d\u2019un \u00e9v\u00e9nement. Selon les structures et les \u00e9quipes, il peut n\u00e9cessiter des moyens lourds ou, au contraire, rester souple et discret. Nous avons fait le choix de privil\u00e9gier des transports en v\u00e9hicules l\u00e9gers plut\u00f4t [&hellip;]<\/p>","protected":false},"author":1,"featured_media":0,"parent":0,"menu_order":0,"comment_status":"closed","ping_status":"closed","template":"","meta":{"site-sidebar-layout":"no-sidebar","site-content-layout":"page-builder","ast-site-content-layout":"full-width-container","site-content-style":"unboxed","site-sidebar-style":"unboxed","ast-global-header-display":"","ast-banner-title-visibility":"","ast-main-header-display":"","ast-hfb-above-header-display":"","ast-hfb-below-header-display":"","ast-hfb-mobile-header-display":"","site-post-title":"disabled","ast-breadcrumbs-content":"disabled","ast-featured-img":"disabled","footer-sml-layout":"","ast-disable-related-posts":"","theme-transparent-header-meta":"enabled","adv-header-id-meta":"","stick-header-meta":"","header-above-stick-meta":"","header-main-stick-meta":"","header-below-stick-meta":"","astra-migrate-meta-layouts":"set","ast-page-background-enabled":"default","ast-page-background-meta":{"desktop":{"background-color":"var(--ast-global-color-4)","background-image":"","background-repeat":"repeat","background-position":"center center","background-size":"auto","background-attachment":"scroll","background-type":"","background-media":"","overlay-type":"","overlay-color":"","overlay-opacity":"","overlay-gradient":""},"tablet":{"background-color":"","background-image":"","background-repeat":"repeat","background-position":"center center","background-size":"auto","background-attachment":"scroll","background-type":"","background-media":"","overlay-type":"","overlay-color":"","overlay-opacity":"","overlay-gradient":""},"mobile":{"background-color":"","background-image":"","background-repeat":"repeat","background-position":"center center","background-size":"auto","background-attachment":"scroll","background-type":"","background-media":"","overlay-type":"","overlay-color":"","overlay-opacity":"","overlay-gradient":""}},"ast-content-background-meta":{"desktop":{"background-color":"var(--ast-global-color-5)","background-image":"","background-repeat":"repeat","background-position":"center center","background-size":"auto","background-attachment":"scroll","background-type":"","background-media":"","overlay-type":"","overlay-color":"","overlay-opacity":"","overlay-gradient":""},"tablet":{"background-color":"var(--ast-global-color-5)","background-image":"","background-repeat":"repeat","background-position":"center center","background-size":"auto","background-attachment":"scroll","background-type":"","background-media":"","overlay-type":"","overlay-color":"","overlay-opacity":"","overlay-gradient":""},"mobile":{"background-color":"var(--ast-global-color-5)","background-image":"","background-repeat":"repeat","background-position":"center center","background-size":"auto","background-attachment":"scroll","background-type":"","background-media":"","overlay-type":"","overlay-color":"","overlay-opacity":"","overlay-gradient":""}},"footnotes":""},"class_list":["post-1666","page","type-page","status-publish","hentry"],"yoast_head":"<!-- This site is optimized with the Yoast SEO plugin v27.5 - https:\/\/yoast.com\/product\/yoast-seo-wordpress\/ -->\n<title>Transport &amp; Acc\u00e8s - Baltringues et cie<\/title>\n<meta name=\"robots\" content=\"index, follow, max-snippet:-1, max-image-preview:large, max-video-preview:-1\" \/>\n<link rel=\"canonical\" href=\"https:\/\/baltringuesetcie.fr\/en\/transport-acces\/\" \/>\n<meta property=\"og:locale\" content=\"en_GB\" \/>\n<meta property=\"og:type\" content=\"article\" \/>\n<meta property=\"og:title\" content=\"Transport &amp; Acc\u00e8s - Baltringues et cie\" \/>\n<meta property=\"og:description\" content=\"Transport &amp; Acc\u00e8s ressources Des chapiteaux pens\u00e9s pour se d\u00e9placer facilement Le transport d\u2019un chapiteau est un \u00e9l\u00e9ment important dans l\u2019organisation d\u2019un \u00e9v\u00e9nement. Selon les structures et les \u00e9quipes, il peut n\u00e9cessiter des moyens lourds ou, au contraire, rester souple et discret. Nous avons fait le choix de privil\u00e9gier des transports en v\u00e9hicules l\u00e9gers plut\u00f4t [&hellip;]\" \/>\n<meta property=\"og:url\" content=\"https:\/\/baltringuesetcie.fr\/en\/transport-acces\/\" \/>\n<meta property=\"og:site_name\" content=\"Baltringues et cie\" \/>\n<meta property=\"article:modified_time\" content=\"2026-02-08T16:37:59+00:00\" \/>\n<meta property=\"og:image\" content=\"https:\/\/baltringuesetcie.fr\/wp-content\/uploads\/2026\/02\/bjbn-scaled.jpg\" \/>\n\t<meta property=\"og:image:width\" content=\"2560\" \/>\n\t<meta property=\"og:image:height\" content=\"1357\" \/>\n\t<meta property=\"og:image:type\" content=\"image\/jpeg\" \/>\n<meta name=\"twitter:card\" content=\"summary_large_image\" \/>\n<meta name=\"twitter:label1\" content=\"Estimated reading time\" \/>\n\t<meta name=\"twitter:data1\" content=\"2 minutes\" \/>\n<script type=\"application\/ld+json\" class=\"yoast-schema-graph\">{\"@context\":\"https:\\\/\\\/schema.org\",\"@graph\":[{\"@type\":\"WebPage\",\"@id\":\"https:\\\/\\\/baltringuesetcie.fr\\\/transport-acces\\\/\",\"url\":\"https:\\\/\\\/baltringuesetcie.fr\\\/transport-acces\\\/\",\"name\":\"Transport & Acc\u00e8s - Baltringues et cie\",\"isPartOf\":{\"@id\":\"https:\\\/\\\/baltringuesetcie.fr\\\/#website\"},\"primaryImageOfPage\":{\"@id\":\"https:\\\/\\\/baltringuesetcie.fr\\\/transport-acces\\\/#primaryimage\"},\"image\":{\"@id\":\"https:\\\/\\\/baltringuesetcie.fr\\\/transport-acces\\\/#primaryimage\"},\"thumbnailUrl\":\"https:\\\/\\\/baltringuesetcie.fr\\\/wp-content\\\/uploads\\\/2026\\\/02\\\/bjbn-1024x543.jpg\",\"datePublished\":\"2026-02-08T12:03:56+00:00\",\"dateModified\":\"2026-02-08T16:37:59+00:00\",\"breadcrumb\":{\"@id\":\"https:\\\/\\\/baltringuesetcie.fr\\\/transport-acces\\\/#breadcrumb\"},\"inLanguage\":\"en-GB\",\"potentialAction\":[{\"@type\":\"ReadAction\",\"target\":[\"https:\\\/\\\/baltringuesetcie.fr\\\/transport-acces\\\/\"]}]},{\"@type\":\"ImageObject\",\"inLanguage\":\"en-GB\",\"@id\":\"https:\\\/\\\/baltringuesetcie.fr\\\/transport-acces\\\/#primaryimage\",\"url\":\"https:\\\/\\\/baltringuesetcie.fr\\\/wp-content\\\/uploads\\\/2026\\\/02\\\/bjbn-1024x543.jpg\",\"contentUrl\":\"https:\\\/\\\/baltringuesetcie.fr\\\/wp-content\\\/uploads\\\/2026\\\/02\\\/bjbn-1024x543.jpg\"},{\"@type\":\"BreadcrumbList\",\"@id\":\"https:\\\/\\\/baltringuesetcie.fr\\\/transport-acces\\\/#breadcrumb\",\"itemListElement\":[{\"@type\":\"ListItem\",\"position\":1,\"name\":\"Home\",\"item\":\"https:\\\/\\\/baltringuesetcie.fr\\\/\"},{\"@type\":\"ListItem\",\"position\":2,\"name\":\"Transport &#038; Acc\u00e8s\"}]},{\"@type\":\"WebSite\",\"@id\":\"https:\\\/\\\/baltringuesetcie.fr\\\/#website\",\"url\":\"https:\\\/\\\/baltringuesetcie.fr\\\/\",\"name\":\"Baltringues et cie\",\"description\":\"\",\"publisher\":{\"@id\":\"https:\\\/\\\/baltringuesetcie.fr\\\/#organization\"},\"potentialAction\":[{\"@type\":\"SearchAction\",\"target\":{\"@type\":\"EntryPoint\",\"urlTemplate\":\"https:\\\/\\\/baltringuesetcie.fr\\\/?s={search_term_string}\"},\"query-input\":{\"@type\":\"PropertyValueSpecification\",\"valueRequired\":true,\"valueName\":\"search_term_string\"}}],\"inLanguage\":\"en-GB\"},{\"@type\":\"Organization\",\"@id\":\"https:\\\/\\\/baltringuesetcie.fr\\\/#organization\",\"name\":\"Baltringues et cie\",\"url\":\"https:\\\/\\\/baltringuesetcie.fr\\\/\",\"logo\":{\"@type\":\"ImageObject\",\"inLanguage\":\"en-GB\",\"@id\":\"https:\\\/\\\/baltringuesetcie.fr\\\/#\\\/schema\\\/logo\\\/image\\\/\",\"url\":\"https:\\\/\\\/baltringuesetcie.fr\\\/wp-content\\\/uploads\\\/2026\\\/02\\\/cropped-baltringues-blanc-trans.png\",\"contentUrl\":\"https:\\\/\\\/baltringuesetcie.fr\\\/wp-content\\\/uploads\\\/2026\\\/02\\\/cropped-baltringues-blanc-trans.png\",\"width\":960,\"height\":338,\"caption\":\"Baltringues et cie\"},\"image\":{\"@id\":\"https:\\\/\\\/baltringuesetcie.fr\\\/#\\\/schema\\\/logo\\\/image\\\/\"}}]}<\/script>\n<!-- \/ Yoast SEO plugin. -->","yoast_head_json":{"title":"Transport & Acc\u00e8s - Baltringues et cie","robots":{"index":"index","follow":"follow","max-snippet":"max-snippet:-1","max-image-preview":"max-image-preview:large","max-video-preview":"max-video-preview:-1"},"canonical":"https:\/\/baltringuesetcie.fr\/en\/transport-acces\/","og_locale":"en_GB","og_type":"article","og_title":"Transport & Acc\u00e8s - Baltringues et cie","og_description":"Transport &amp; Acc\u00e8s ressources Des chapiteaux pens\u00e9s pour se d\u00e9placer facilement Le transport d\u2019un chapiteau est un \u00e9l\u00e9ment important dans l\u2019organisation d\u2019un \u00e9v\u00e9nement. Selon les structures et les \u00e9quipes, il peut n\u00e9cessiter des moyens lourds ou, au contraire, rester souple et discret. Nous avons fait le choix de privil\u00e9gier des transports en v\u00e9hicules l\u00e9gers plut\u00f4t [&hellip;]","og_url":"https:\/\/baltringuesetcie.fr\/en\/transport-acces\/","og_site_name":"Baltringues et cie","article_modified_time":"2026-02-08T16:37:59+00:00","og_image":[{"width":2560,"height":1357,"url":"https:\/\/baltringuesetcie.fr\/wp-content\/uploads\/2026\/02\/bjbn-scaled.jpg","type":"image\/jpeg"}],"twitter_card":"summary_large_image","twitter_misc":{"Estimated reading time":"2 minutes"},"schema":{"@context":"https:\/\/schema.org","@graph":[{"@type":"WebPage","@id":"https:\/\/baltringuesetcie.fr\/transport-acces\/","url":"https:\/\/baltringuesetcie.fr\/transport-acces\/","name":"Transport & Acc\u00e8s - Baltringues et cie","isPartOf":{"@id":"https:\/\/baltringuesetcie.fr\/#website"},"primaryImageOfPage":{"@id":"https:\/\/baltringuesetcie.fr\/transport-acces\/#primaryimage"},"image":{"@id":"https:\/\/baltringuesetcie.fr\/transport-acces\/#primaryimage"},"thumbnailUrl":"https:\/\/baltringuesetcie.fr\/wp-content\/uploads\/2026\/02\/bjbn-1024x543.jpg","datePublished":"2026-02-08T12:03:56+00:00","dateModified":"2026-02-08T16:37:59+00:00","breadcrumb":{"@id":"https:\/\/baltringuesetcie.fr\/transport-acces\/#breadcrumb"},"inLanguage":"en-GB","potentialAction":[{"@type":"ReadAction","target":["https:\/\/baltringuesetcie.fr\/transport-acces\/"]}]},{"@type":"ImageObject","inLanguage":"en-GB","@id":"https:\/\/baltringuesetcie.fr\/transport-acces\/#primaryimage","url":"https:\/\/baltringuesetcie.fr\/wp-content\/uploads\/2026\/02\/bjbn-1024x543.jpg","contentUrl":"https:\/\/baltringuesetcie.fr\/wp-content\/uploads\/2026\/02\/bjbn-1024x543.jpg"},{"@type":"BreadcrumbList","@id":"https:\/\/baltringuesetcie.fr\/transport-acces\/#breadcrumb","itemListElement":[{"@type":"ListItem","position":1,"name":"Home","item":"https:\/\/baltringuesetcie.fr\/"},{"@type":"ListItem","position":2,"name":"Transport &#038; Acc\u00e8s"}]},{"@type":"WebSite","@id":"https:\/\/baltringuesetcie.fr\/#website","url":"https:\/\/baltringuesetcie.fr\/","name":"Baltringues et cie","description":"","publisher":{"@id":"https:\/\/baltringuesetcie.fr\/#organization"},"potentialAction":[{"@type":"SearchAction","target":{"@type":"EntryPoint","urlTemplate":"https:\/\/baltringuesetcie.fr\/?s={search_term_string}"},"query-input":{"@type":"PropertyValueSpecification","valueRequired":true,"valueName":"search_term_string"}}],"inLanguage":"en-GB"},{"@type":"Organization","@id":"https:\/\/baltringuesetcie.fr\/#organization","name":"Baltringues et cie","url":"https:\/\/baltringuesetcie.fr\/","logo":{"@type":"ImageObject","inLanguage":"en-GB","@id":"https:\/\/baltringuesetcie.fr\/#\/schema\/logo\/image\/","url":"https:\/\/baltringuesetcie.fr\/wp-content\/uploads\/2026\/02\/cropped-baltringues-blanc-trans.png","contentUrl":"https:\/\/baltringuesetcie.fr\/wp-content\/uploads\/2026\/02\/cropped-baltringues-blanc-trans.png","width":960,"height":338,"caption":"Baltringues et cie"},"image":{"@id":"https:\/\/baltringuesetcie.fr\/#\/schema\/logo\/image\/"}}]}},"_links":{"self":[{"href":"https:\/\/baltringuesetcie.fr\/en\/wp-json\/wp\/v2\/pages\/1666","targetHints":{"allow":["GET"]}}],"collection":[{"href":"https:\/\/baltringuesetcie.fr\/en\/wp-json\/wp\/v2\/pages"}],"about":[{"href":"https:\/\/baltringuesetcie.fr\/en\/wp-json\/wp\/v2\/types\/page"}],"author":[{"embeddable":true,"href":"https:\/\/baltringuesetcie.fr\/en\/wp-json\/wp\/v2\/users\/1"}],"replies":[{"embeddable":true,"href":"https:\/\/baltringuesetcie.fr\/en\/wp-json\/wp\/v2\/comments?post=1666"}],"version-history":[{"count":4,"href":"https:\/\/baltringuesetcie.fr\/en\/wp-json\/wp\/v2\/pages\/1666\/revisions"}],"predecessor-version":[{"id":1846,"href":"https:\/\/baltringuesetcie.fr\/en\/wp-json\/wp\/v2\/pages\/1666\/revisions\/1846"}],"wp:attachment":[{"href":"https:\/\/baltringuesetcie.fr\/en\/wp-json\/wp\/v2\/media?parent=1666"}],"curies":[{"name":"wp","href":"https:\/\/api.w.org\/{rel}","templated":true}]}}