{"id":1774,"date":"2026-02-08T16:17:16","date_gmt":"2026-02-08T15:17:16","guid":{"rendered":"https:\/\/baltringuesetcie.fr\/?page_id=1774"},"modified":"2026-02-09T00:16:23","modified_gmt":"2026-02-08T23:16:23","slug":"le-chameau","status":"publish","type":"page","link":"https:\/\/baltringuesetcie.fr\/en\/le-chameau\/","title":{"rendered":"Le Chameau"},"content":{"rendered":"<div data-elementor-type=\"wp-page\" data-elementor-id=\"1774\" class=\"elementor elementor-1774\">\n\t\t\t\t<div class=\"elementor-element elementor-element-19b8c8c e-flex e-con-boxed e-con e-parent\" data-id=\"19b8c8c\" data-element_type=\"container\" data-e-type=\"container\" data-settings=\"{&quot;background_background&quot;:&quot;classic&quot;}\">\n\t\t\t\t\t<div class=\"e-con-inner\">\n\t\t<div class=\"elementor-element elementor-element-372848a e-con-full e-flex e-con e-child\" data-id=\"372848a\" data-element_type=\"container\" data-e-type=\"container\">\n\t\t\t\t<div class=\"elementor-element elementor-element-0ccf104 elementor-widget elementor-widget-heading\" data-id=\"0ccf104\" data-element_type=\"widget\" data-e-type=\"widget\" data-widget_type=\"heading.default\">\n\t\t\t\t<div class=\"elementor-widget-container\">\n\t\t\t\t\t<h1 class=\"elementor-heading-title elementor-size-default\">Le Chameau<\/h1>\t\t\t\t<\/div>\n\t\t\t\t<\/div>\n\t\t\t\t<\/div>\n\t\t\t\t\t<\/div>\n\t\t\t\t<\/div>\n\t\t<div class=\"elementor-element elementor-element-2221524 e-flex e-con-boxed e-con e-parent\" data-id=\"2221524\" data-element_type=\"container\" data-e-type=\"container\">\n\t\t\t\t\t<div class=\"e-con-inner\">\n\t\t\t\t<div class=\"elementor-element elementor-element-9a24389 elementor-widget elementor-widget-heading\" data-id=\"9a24389\" data-element_type=\"widget\" data-e-type=\"widget\" data-widget_type=\"heading.default\">\n\t\t\t\t<div class=\"elementor-widget-container\">\n\t\t\t\t\t<h2 class=\"elementor-heading-title elementor-size-default\">Un chapiteau polyvalent pour mariages, festivals et \u00e9v\u00e9nements de toutes tailles<\/h2>\t\t\t\t<\/div>\n\t\t\t\t<\/div>\n\t\t\t\t\t<\/div>\n\t\t\t\t<\/div>\n\t\t<div class=\"elementor-element elementor-element-82e0b5b e-grid e-con-boxed e-con e-parent\" data-id=\"82e0b5b\" data-element_type=\"container\" data-e-type=\"container\">\n\t\t\t\t\t<div class=\"e-con-inner\">\n\t\t\t\t<div class=\"elementor-element elementor-element-425e62e elementor-widget elementor-widget-image\" data-id=\"425e62e\" data-element_type=\"widget\" data-e-type=\"widget\" data-widget_type=\"image.default\">\n\t\t\t\t<div class=\"elementor-widget-container\">\n\t\t\t\t\t\t\t\t\t\t\t\t\t\t\t<img fetchpriority=\"high\" width=\"1024\" height=\"768\" class=\"attachment-large size-large wp-image-1724 lws-optimize-lazyload\" alt=\"Chapiteau 6 1024x768\" srcset=\"https:\/\/baltringuesetcie.fr\/wp-content\/uploads\/2026\/02\/chapiteau-6-1024x768.jpg 1024w, https:\/\/baltringuesetcie.fr\/wp-content\/uploads\/2026\/02\/chapiteau-6-300x225.jpg 300w, https:\/\/baltringuesetcie.fr\/wp-content\/uploads\/2026\/02\/chapiteau-6-768x576.jpg 768w, https:\/\/baltringuesetcie.fr\/wp-content\/uploads\/2026\/02\/chapiteau-6-1536x1152.jpg 1536w, https:\/\/baltringuesetcie.fr\/wp-content\/uploads\/2026\/02\/chapiteau-6-2048x1536.jpg 2048w\" sizes=\"(max-width: 1024px) 100vw, 1024px\" data-src=\"https:\/\/baltringuesetcie.fr\/wp-content\/uploads\/2026\/02\/chapiteau-6-1024x768.jpg\" title=\"Le Chameau\">\t\t\t\t\t\t\t\t\t\t\t\t\t\t\t<\/div>\n\t\t\t\t<\/div>\n\t\t\t\t<div class=\"elementor-element elementor-element-cbd6661 elementor-widget elementor-widget-image\" data-id=\"cbd6661\" data-element_type=\"widget\" data-e-type=\"widget\" data-widget_type=\"image.default\">\n\t\t\t\t<div class=\"elementor-widget-container\">\n\t\t\t\t\t\t\t\t\t\t\t\t\t\t\t<img width=\"1024\" height=\"768\" class=\"attachment-large size-large wp-image-127 lws-optimize-lazyload\" alt=\"IMG 6688 1024x768\" srcset=\"https:\/\/baltringuesetcie.fr\/wp-content\/uploads\/2026\/02\/IMG_6688-1024x768.jpg 1024w, https:\/\/baltringuesetcie.fr\/wp-content\/uploads\/2026\/02\/IMG_6688-300x225.jpg 300w, https:\/\/baltringuesetcie.fr\/wp-content\/uploads\/2026\/02\/IMG_6688-768x576.jpg 768w, https:\/\/baltringuesetcie.fr\/wp-content\/uploads\/2026\/02\/IMG_6688.jpg 1173w\" sizes=\"(max-width: 1024px) 100vw, 1024px\" data-src=\"https:\/\/baltringuesetcie.fr\/wp-content\/uploads\/2026\/02\/IMG_6688-1024x768.jpg\" title=\"Le Chameau\">\t\t\t\t\t\t\t\t\t\t\t\t\t\t\t<\/div>\n\t\t\t\t<\/div>\n\t\t\t\t\t<\/div>\n\t\t\t\t<\/div>\n\t\t<div class=\"elementor-element elementor-element-6f9a822 e-con-full e-flex e-con e-parent\" data-id=\"6f9a822\" data-element_type=\"container\" data-e-type=\"container\">\n\t\t<div class=\"elementor-element elementor-element-eae624a e-con-full e-flex e-con e-child\" data-id=\"eae624a\" data-element_type=\"container\" data-e-type=\"container\" data-settings=\"{&quot;background_background&quot;:&quot;classic&quot;}\">\n\t\t<div class=\"elementor-element elementor-element-ca7fe89 e-con-full e-flex e-con e-child\" data-id=\"ca7fe89\" data-element_type=\"container\" data-e-type=\"container\">\n\t\t<div class=\"elementor-element elementor-element-e335e38 e-con-full e-flex e-con e-child\" data-id=\"e335e38\" data-element_type=\"container\" data-e-type=\"container\">\n\t\t\t\t<div class=\"elementor-element elementor-element-e980318 elementor-widget elementor-widget-heading\" data-id=\"e980318\" data-element_type=\"widget\" data-e-type=\"widget\" data-widget_type=\"heading.default\">\n\t\t\t\t<div class=\"elementor-widget-container\">\n\t\t\t\t\t<h2 class=\"elementor-heading-title elementor-size-default\">Le Chameau<\/h2>\t\t\t\t<\/div>\n\t\t\t\t<\/div>\n\t\t\t\t<div class=\"elementor-element elementor-element-094c92d elementor-widget elementor-widget-text-editor\" data-id=\"094c92d\" data-element_type=\"widget\" data-e-type=\"widget\" data-widget_type=\"text-editor.default\">\n\t\t\t\t<div class=\"elementor-widget-container\">\n\t\t\t\t\t\t\t\t\t<p data-start=\"1289\" data-end=\"1433\">Chapiteau polyvalent de 300 m\u00b2, le Chameau s\u2019adapte aussi bien aux mariages et \u00e9v\u00e9nements priv\u00e9s qu\u2019aux festivals ou manifestations publiques.<\/p><p data-start=\"1440\" data-end=\"1618\">Sa modularit\u00e9 et son volume en font une solution id\u00e9ale pour cr\u00e9er un espace convivial et structurant, capable d\u2019accueillir des configurations tr\u00e8s diff\u00e9rentes selon les projets.<\/p>\t\t\t\t\t\t\t\t<\/div>\n\t\t\t\t<\/div>\n\t\t\t\t<div class=\"elementor-element elementor-element-5682d1a elementor-widget elementor-widget-button\" data-id=\"5682d1a\" data-element_type=\"widget\" data-e-type=\"widget\" data-widget_type=\"button.default\">\n\t\t\t\t<div class=\"elementor-widget-container\">\n\t\t\t\t\t\t\t\t\t<div class=\"elementor-button-wrapper\">\n\t\t\t\t\t<a class=\"elementor-button elementor-button-link elementor-size-sm\" href=\"https:\/\/baltringuesetcie.fr\/en\/contact-us\/\">\n\t\t\t\t\t\t<span class=\"elementor-button-content-wrapper\">\n\t\t\t\t\t\t\t\t\t<span class=\"elementor-button-text\">contact<\/span>\n\t\t\t\t\t<\/span>\n\t\t\t\t\t<\/a>\n\t\t\t\t<\/div>\n\t\t\t\t\t\t\t\t<\/div>\n\t\t\t\t<\/div>\n\t\t\t\t<\/div>\n\t\t\t\t<\/div>\n\t\t\t\t<\/div>\n\t\t<div class=\"elementor-element elementor-element-a79e45f e-con-full e-flex e-con e-child\" data-id=\"a79e45f\" data-element_type=\"container\" data-e-type=\"container\" data-settings=\"{&quot;background_background&quot;:&quot;classic&quot;}\">\n\t\t<div class=\"elementor-element elementor-element-1644e9c e-con-full e-flex e-con e-child\" data-id=\"1644e9c\" data-element_type=\"container\" data-e-type=\"container\">\n\t\t<div class=\"elementor-element elementor-element-beb9701 e-con-full e-flex e-con e-child\" data-id=\"beb9701\" data-element_type=\"container\" data-e-type=\"container\">\n\t\t\t\t<div class=\"elementor-element elementor-element-36cf656 elementor-align-center elementor-icon-list--layout-traditional elementor-list-item-link-full_width elementor-widget elementor-widget-icon-list\" data-id=\"36cf656\" data-element_type=\"widget\" data-e-type=\"widget\" data-widget_type=\"icon-list.default\">\n\t\t\t\t<div class=\"elementor-widget-container\">\n\t\t\t\t\t\t\t<ul class=\"elementor-icon-list-items\">\n\t\t\t\t\t\t\t<li class=\"elementor-icon-list-item\">\n\t\t\t\t\t\t\t\t\t\t\t<span class=\"elementor-icon-list-icon\">\n\t\t\t\t\t\t\t<i aria-hidden=\"true\" class=\"fas fa-tools\"><\/i>\t\t\t\t\t\t<\/span>\n\t\t\t\t\t\t\t\t\t\t<span class=\"elementor-icon-list-text\">Donn\u00e9es techniques<\/span>\n\t\t\t\t\t\t\t\t\t<\/li>\n\t\t\t\t\t\t\t\t<li class=\"elementor-icon-list-item\">\n\t\t\t\t\t\t\t\t\t\t<span class=\"elementor-icon-list-text\">Chapiteau ovale 17x22m soit environ 300m\u00b2<\/span>\n\t\t\t\t\t\t\t\t\t<\/li>\n\t\t\t\t\t\t\t\t<li class=\"elementor-icon-list-item\">\n\t\t\t\t\t\t\t\t\t\t<span class=\"elementor-icon-list-text\">Surface d\u2019implantation : 34x23m<\/span>\n\t\t\t\t\t\t\t\t\t<\/li>\n\t\t\t\t\t\t\t\t<li class=\"elementor-icon-list-item\">\n\t\t\t\t\t\t\t\t\t\t<span class=\"elementor-icon-list-text\">Capacit\u00e9 d\u2019accueil : 299 personnes<\/span>\n\t\t\t\t\t\t\t\t\t<\/li>\n\t\t\t\t\t\t\t\t<li class=\"elementor-icon-list-item\">\n\t\t\t\t\t\t\t\t\t\t<span class=\"elementor-icon-list-text\">Hauteur des m\u00e2ts : 8m<\/span>\n\t\t\t\t\t\t\t\t\t<\/li>\n\t\t\t\t\t\t\t\t<li class=\"elementor-icon-list-item\">\n\t\t\t\t\t\t\t\t\t\t<span class=\"elementor-icon-list-text\">Hauteur d\u2019entourage : 3m<\/span>\n\t\t\t\t\t\t\t\t\t<\/li>\n\t\t\t\t\t\t\t\t<li class=\"elementor-icon-list-item\">\n\t\t\t\t\t\t\t\t\t\t<span class=\"elementor-icon-list-text\">Hauteur sous coupole : 7,50m <\/span>\n\t\t\t\t\t\t\t\t\t<\/li>\n\t\t\t\t\t\t\t\t<li class=\"elementor-icon-list-item\">\n\t\t\t\t\t\t\t\t\t\t<span class=\"elementor-icon-list-text\">Coupole \u00e0 l\u2019italienne<\/span>\n\t\t\t\t\t\t\t\t\t<\/li>\n\t\t\t\t\t\t\t\t<li class=\"elementor-icon-list-item\">\n\t\t\t\t\t\t\t\t\t\t<span class=\"elementor-icon-list-text\">Ext\u00e9rieur bleu et jaune, int\u00e9rieur bleu \u00e9toil\u00e9 opaque<\/span>\n\t\t\t\t\t\t\t\t\t<\/li>\n\t\t\t\t\t\t\t\t<li class=\"elementor-icon-list-item\">\n\t\t\t\t\t\t\t\t\t\t<span class=\"elementor-icon-list-text\">2 m\u00e2ts et 8 corniches<\/span>\n\t\t\t\t\t\t\t\t\t<\/li>\n\t\t\t\t\t\t<\/ul>\n\t\t\t\t\t\t<\/div>\n\t\t\t\t<\/div>\n\t\t\t\t<\/div>\n\t\t\t\t<\/div>\n\t\t\t\t<\/div>\n\t\t\t\t<\/div>\n\t\t<div class=\"elementor-element elementor-element-2f1adb1 e-flex e-con-boxed e-con e-parent\" data-id=\"2f1adb1\" data-element_type=\"container\" data-e-type=\"container\">\n\t\t\t\t\t<div class=\"e-con-inner\">\n\t\t\t\t<div class=\"elementor-element elementor-element-c399182 elementor-widget elementor-widget-image\" data-id=\"c399182\" data-element_type=\"widget\" data-e-type=\"widget\" data-widget_type=\"image.default\">\n\t\t\t\t<div class=\"elementor-widget-container\">\n\t\t\t\t\t\t\t\t\t\t\t\t\t\t\t<img width=\"1024\" height=\"724\" class=\"attachment-large size-large wp-image-1964 lws-optimize-lazyload\" alt=\"Plan Chapiteau Le Chameau Ok 01 347267 1024x724\" srcset=\"https:\/\/baltringuesetcie.fr\/wp-content\/uploads\/2026\/02\/Plan-Chapiteau-le-Chameau-ok-01-347267-1024x724.jpg 1024w, https:\/\/baltringuesetcie.fr\/wp-content\/uploads\/2026\/02\/Plan-Chapiteau-le-Chameau-ok-01-347267-300x212.jpg 300w, https:\/\/baltringuesetcie.fr\/wp-content\/uploads\/2026\/02\/Plan-Chapiteau-le-Chameau-ok-01-347267-768x543.jpg 768w, https:\/\/baltringuesetcie.fr\/wp-content\/uploads\/2026\/02\/Plan-Chapiteau-le-Chameau-ok-01-347267-1536x1086.jpg 1536w, https:\/\/baltringuesetcie.fr\/wp-content\/uploads\/2026\/02\/Plan-Chapiteau-le-Chameau-ok-01-347267.jpg 1754w\" sizes=\"(max-width: 1024px) 100vw, 1024px\" data-src=\"https:\/\/baltringuesetcie.fr\/wp-content\/uploads\/2026\/02\/Plan-Chapiteau-le-Chameau-ok-01-347267-1024x724.jpg\" title=\"Le Chameau\">\t\t\t\t\t\t\t\t\t\t\t\t\t\t\t<\/div>\n\t\t\t\t<\/div>\n\t\t\t\t\t<\/div>\n\t\t\t\t<\/div>\n\t\t<div class=\"elementor-element elementor-element-501d0fa e-flex e-con-boxed e-con e-parent\" data-id=\"501d0fa\" data-element_type=\"container\" data-e-type=\"container\">\n\t\t\t\t\t<div class=\"e-con-inner\">\n\t\t\t\t<div class=\"elementor-element elementor-element-9f64e6b elementor-align-center elementor-widget elementor-widget-button\" data-id=\"9f64e6b\" data-element_type=\"widget\" data-e-type=\"widget\" data-widget_type=\"button.default\">\n\t\t\t\t<div class=\"elementor-widget-container\">\n\t\t\t\t\t\t\t\t\t<div class=\"elementor-button-wrapper\">\n\t\t\t\t\t<a class=\"elementor-button elementor-button-link elementor-size-sm\" href=\"\/en\/tous-nos-chapiteaux\/\">\n\t\t\t\t\t\t<span class=\"elementor-button-content-wrapper\">\n\t\t\t\t\t\t\t\t\t<span class=\"elementor-button-text\">revenir a la page precedente<\/span>\n\t\t\t\t\t<\/span>\n\t\t\t\t\t<\/a>\n\t\t\t\t<\/div>\n\t\t\t\t\t\t\t\t<\/div>\n\t\t\t\t<\/div>\n\t\t\t\t\t<\/div>\n\t\t\t\t<\/div>\n\t\t\t\t<\/div>","protected":false},"excerpt":{"rendered":"<p>Le Chameau Un chapiteau polyvalent pour mariages, festivals et \u00e9v\u00e9nements de toutes tailles Le Chameau Chapiteau polyvalent de 300 m\u00b2, le Chameau s\u2019adapte aussi bien aux mariages et \u00e9v\u00e9nements priv\u00e9s qu\u2019aux festivals ou manifestations publiques. Sa modularit\u00e9 et son volume en font une solution id\u00e9ale pour cr\u00e9er un espace convivial et structurant, capable d\u2019accueillir des [&hellip;]<\/p>","protected":false},"author":1,"featured_media":0,"parent":0,"menu_order":0,"comment_status":"closed","ping_status":"closed","template":"","meta":{"site-sidebar-layout":"no-sidebar","site-content-layout":"page-builder","ast-site-content-layout":"full-width-container","site-content-style":"unboxed","site-sidebar-style":"unboxed","ast-global-header-display":"","ast-banner-title-visibility":"","ast-main-header-display":"","ast-hfb-above-header-display":"","ast-hfb-below-header-display":"","ast-hfb-mobile-header-display":"","site-post-title":"disabled","ast-breadcrumbs-content":"disabled","ast-featured-img":"disabled","footer-sml-layout":"","ast-disable-related-posts":"","theme-transparent-header-meta":"enabled","adv-header-id-meta":"","stick-header-meta":"","header-above-stick-meta":"","header-main-stick-meta":"","header-below-stick-meta":"","astra-migrate-meta-layouts":"set","ast-page-background-enabled":"default","ast-page-background-meta":{"desktop":{"background-color":"var(--ast-global-color-4)","background-image":"","background-repeat":"repeat","background-position":"center center","background-size":"auto","background-attachment":"scroll","background-type":"","background-media":"","overlay-type":"","overlay-color":"","overlay-opacity":"","overlay-gradient":""},"tablet":{"background-color":"","background-image":"","background-repeat":"repeat","background-position":"center center","background-size":"auto","background-attachment":"scroll","background-type":"","background-media":"","overlay-type":"","overlay-color":"","overlay-opacity":"","overlay-gradient":""},"mobile":{"background-color":"","background-image":"","background-repeat":"repeat","background-position":"center center","background-size":"auto","background-attachment":"scroll","background-type":"","background-media":"","overlay-type":"","overlay-color":"","overlay-opacity":"","overlay-gradient":""}},"ast-content-background-meta":{"desktop":{"background-color":"var(--ast-global-color-5)","background-image":"","background-repeat":"repeat","background-position":"center center","background-size":"auto","background-attachment":"scroll","background-type":"","background-media":"","overlay-type":"","overlay-color":"","overlay-opacity":"","overlay-gradient":""},"tablet":{"background-color":"var(--ast-global-color-5)","background-image":"","background-repeat":"repeat","background-position":"center center","background-size":"auto","background-attachment":"scroll","background-type":"","background-media":"","overlay-type":"","overlay-color":"","overlay-opacity":"","overlay-gradient":""},"mobile":{"background-color":"var(--ast-global-color-5)","background-image":"","background-repeat":"repeat","background-position":"center center","background-size":"auto","background-attachment":"scroll","background-type":"","background-media":"","overlay-type":"","overlay-color":"","overlay-opacity":"","overlay-gradient":""}},"footnotes":""},"class_list":["post-1774","page","type-page","status-publish","hentry"],"yoast_head":"<!-- This site is optimized with the Yoast SEO plugin v27.5 - https:\/\/yoast.com\/product\/yoast-seo-wordpress\/ -->\n<title>Le Chameau - Baltringues et cie<\/title>\n<meta name=\"robots\" content=\"index, follow, max-snippet:-1, max-image-preview:large, max-video-preview:-1\" \/>\n<link rel=\"canonical\" href=\"https:\/\/baltringuesetcie.fr\/en\/le-chameau\/\" \/>\n<meta property=\"og:locale\" content=\"en_GB\" \/>\n<meta property=\"og:type\" content=\"article\" \/>\n<meta property=\"og:title\" content=\"Le Chameau - Baltringues et cie\" \/>\n<meta property=\"og:description\" content=\"Le Chameau Un chapiteau polyvalent pour mariages, festivals et \u00e9v\u00e9nements de toutes tailles Le Chameau Chapiteau polyvalent de 300 m\u00b2, le Chameau s\u2019adapte aussi bien aux mariages et \u00e9v\u00e9nements priv\u00e9s qu\u2019aux festivals ou manifestations publiques. Sa modularit\u00e9 et son volume en font une solution id\u00e9ale pour cr\u00e9er un espace convivial et structurant, capable d\u2019accueillir des [&hellip;]\" \/>\n<meta property=\"og:url\" content=\"https:\/\/baltringuesetcie.fr\/en\/le-chameau\/\" \/>\n<meta property=\"og:site_name\" content=\"Baltringues et cie\" \/>\n<meta property=\"article:modified_time\" content=\"2026-02-08T23:16:23+00:00\" \/>\n<meta property=\"og:image\" content=\"https:\/\/baltringuesetcie.fr\/wp-content\/uploads\/2026\/02\/chapiteau-6-scaled.jpg\" \/>\n\t<meta property=\"og:image:width\" content=\"2560\" \/>\n\t<meta property=\"og:image:height\" content=\"1920\" \/>\n\t<meta property=\"og:image:type\" content=\"image\/jpeg\" \/>\n<meta name=\"twitter:card\" content=\"summary_large_image\" \/>\n<meta name=\"twitter:label1\" content=\"Estimated reading time\" \/>\n\t<meta name=\"twitter:data1\" content=\"2 minutes\" \/>\n<script type=\"application\/ld+json\" class=\"yoast-schema-graph\">{\"@context\":\"https:\\\/\\\/schema.org\",\"@graph\":[{\"@type\":\"WebPage\",\"@id\":\"https:\\\/\\\/baltringuesetcie.fr\\\/le-chameau\\\/\",\"url\":\"https:\\\/\\\/baltringuesetcie.fr\\\/le-chameau\\\/\",\"name\":\"Le Chameau - Baltringues et cie\",\"isPartOf\":{\"@id\":\"https:\\\/\\\/baltringuesetcie.fr\\\/#website\"},\"primaryImageOfPage\":{\"@id\":\"https:\\\/\\\/baltringuesetcie.fr\\\/le-chameau\\\/#primaryimage\"},\"image\":{\"@id\":\"https:\\\/\\\/baltringuesetcie.fr\\\/le-chameau\\\/#primaryimage\"},\"thumbnailUrl\":\"https:\\\/\\\/baltringuesetcie.fr\\\/wp-content\\\/uploads\\\/2026\\\/02\\\/chapiteau-6-1024x768.jpg\",\"datePublished\":\"2026-02-08T15:17:16+00:00\",\"dateModified\":\"2026-02-08T23:16:23+00:00\",\"breadcrumb\":{\"@id\":\"https:\\\/\\\/baltringuesetcie.fr\\\/le-chameau\\\/#breadcrumb\"},\"inLanguage\":\"en-GB\",\"potentialAction\":[{\"@type\":\"ReadAction\",\"target\":[\"https:\\\/\\\/baltringuesetcie.fr\\\/le-chameau\\\/\"]}]},{\"@type\":\"ImageObject\",\"inLanguage\":\"en-GB\",\"@id\":\"https:\\\/\\\/baltringuesetcie.fr\\\/le-chameau\\\/#primaryimage\",\"url\":\"https:\\\/\\\/baltringuesetcie.fr\\\/wp-content\\\/uploads\\\/2026\\\/02\\\/chapiteau-6-1024x768.jpg\",\"contentUrl\":\"https:\\\/\\\/baltringuesetcie.fr\\\/wp-content\\\/uploads\\\/2026\\\/02\\\/chapiteau-6-1024x768.jpg\"},{\"@type\":\"BreadcrumbList\",\"@id\":\"https:\\\/\\\/baltringuesetcie.fr\\\/le-chameau\\\/#breadcrumb\",\"itemListElement\":[{\"@type\":\"ListItem\",\"position\":1,\"name\":\"Home\",\"item\":\"https:\\\/\\\/baltringuesetcie.fr\\\/\"},{\"@type\":\"ListItem\",\"position\":2,\"name\":\"Le Chameau\"}]},{\"@type\":\"WebSite\",\"@id\":\"https:\\\/\\\/baltringuesetcie.fr\\\/#website\",\"url\":\"https:\\\/\\\/baltringuesetcie.fr\\\/\",\"name\":\"Baltringues et cie\",\"description\":\"\",\"publisher\":{\"@id\":\"https:\\\/\\\/baltringuesetcie.fr\\\/#organization\"},\"potentialAction\":[{\"@type\":\"SearchAction\",\"target\":{\"@type\":\"EntryPoint\",\"urlTemplate\":\"https:\\\/\\\/baltringuesetcie.fr\\\/?s={search_term_string}\"},\"query-input\":{\"@type\":\"PropertyValueSpecification\",\"valueRequired\":true,\"valueName\":\"search_term_string\"}}],\"inLanguage\":\"en-GB\"},{\"@type\":\"Organization\",\"@id\":\"https:\\\/\\\/baltringuesetcie.fr\\\/#organization\",\"name\":\"Baltringues et cie\",\"url\":\"https:\\\/\\\/baltringuesetcie.fr\\\/\",\"logo\":{\"@type\":\"ImageObject\",\"inLanguage\":\"en-GB\",\"@id\":\"https:\\\/\\\/baltringuesetcie.fr\\\/#\\\/schema\\\/logo\\\/image\\\/\",\"url\":\"https:\\\/\\\/baltringuesetcie.fr\\\/wp-content\\\/uploads\\\/2026\\\/02\\\/cropped-baltringues-blanc-trans.png\",\"contentUrl\":\"https:\\\/\\\/baltringuesetcie.fr\\\/wp-content\\\/uploads\\\/2026\\\/02\\\/cropped-baltringues-blanc-trans.png\",\"width\":960,\"height\":338,\"caption\":\"Baltringues et cie\"},\"image\":{\"@id\":\"https:\\\/\\\/baltringuesetcie.fr\\\/#\\\/schema\\\/logo\\\/image\\\/\"}}]}<\/script>\n<!-- \/ Yoast SEO plugin. -->","yoast_head_json":{"title":"Le Chameau - Baltringues et cie","robots":{"index":"index","follow":"follow","max-snippet":"max-snippet:-1","max-image-preview":"max-image-preview:large","max-video-preview":"max-video-preview:-1"},"canonical":"https:\/\/baltringuesetcie.fr\/en\/le-chameau\/","og_locale":"en_GB","og_type":"article","og_title":"Le Chameau - Baltringues et cie","og_description":"Le Chameau Un chapiteau polyvalent pour mariages, festivals et \u00e9v\u00e9nements de toutes tailles Le Chameau Chapiteau polyvalent de 300 m\u00b2, le Chameau s\u2019adapte aussi bien aux mariages et \u00e9v\u00e9nements priv\u00e9s qu\u2019aux festivals ou manifestations publiques. Sa modularit\u00e9 et son volume en font une solution id\u00e9ale pour cr\u00e9er un espace convivial et structurant, capable d\u2019accueillir des [&hellip;]","og_url":"https:\/\/baltringuesetcie.fr\/en\/le-chameau\/","og_site_name":"Baltringues et cie","article_modified_time":"2026-02-08T23:16:23+00:00","og_image":[{"width":2560,"height":1920,"url":"https:\/\/baltringuesetcie.fr\/wp-content\/uploads\/2026\/02\/chapiteau-6-scaled.jpg","type":"image\/jpeg"}],"twitter_card":"summary_large_image","twitter_misc":{"Estimated reading time":"2 minutes"},"schema":{"@context":"https:\/\/schema.org","@graph":[{"@type":"WebPage","@id":"https:\/\/baltringuesetcie.fr\/le-chameau\/","url":"https:\/\/baltringuesetcie.fr\/le-chameau\/","name":"Le Chameau - Baltringues et cie","isPartOf":{"@id":"https:\/\/baltringuesetcie.fr\/#website"},"primaryImageOfPage":{"@id":"https:\/\/baltringuesetcie.fr\/le-chameau\/#primaryimage"},"image":{"@id":"https:\/\/baltringuesetcie.fr\/le-chameau\/#primaryimage"},"thumbnailUrl":"https:\/\/baltringuesetcie.fr\/wp-content\/uploads\/2026\/02\/chapiteau-6-1024x768.jpg","datePublished":"2026-02-08T15:17:16+00:00","dateModified":"2026-02-08T23:16:23+00:00","breadcrumb":{"@id":"https:\/\/baltringuesetcie.fr\/le-chameau\/#breadcrumb"},"inLanguage":"en-GB","potentialAction":[{"@type":"ReadAction","target":["https:\/\/baltringuesetcie.fr\/le-chameau\/"]}]},{"@type":"ImageObject","inLanguage":"en-GB","@id":"https:\/\/baltringuesetcie.fr\/le-chameau\/#primaryimage","url":"https:\/\/baltringuesetcie.fr\/wp-content\/uploads\/2026\/02\/chapiteau-6-1024x768.jpg","contentUrl":"https:\/\/baltringuesetcie.fr\/wp-content\/uploads\/2026\/02\/chapiteau-6-1024x768.jpg"},{"@type":"BreadcrumbList","@id":"https:\/\/baltringuesetcie.fr\/le-chameau\/#breadcrumb","itemListElement":[{"@type":"ListItem","position":1,"name":"Home","item":"https:\/\/baltringuesetcie.fr\/"},{"@type":"ListItem","position":2,"name":"Le Chameau"}]},{"@type":"WebSite","@id":"https:\/\/baltringuesetcie.fr\/#website","url":"https:\/\/baltringuesetcie.fr\/","name":"Baltringues et cie","description":"","publisher":{"@id":"https:\/\/baltringuesetcie.fr\/#organization"},"potentialAction":[{"@type":"SearchAction","target":{"@type":"EntryPoint","urlTemplate":"https:\/\/baltringuesetcie.fr\/?s={search_term_string}"},"query-input":{"@type":"PropertyValueSpecification","valueRequired":true,"valueName":"search_term_string"}}],"inLanguage":"en-GB"},{"@type":"Organization","@id":"https:\/\/baltringuesetcie.fr\/#organization","name":"Baltringues et cie","url":"https:\/\/baltringuesetcie.fr\/","logo":{"@type":"ImageObject","inLanguage":"en-GB","@id":"https:\/\/baltringuesetcie.fr\/#\/schema\/logo\/image\/","url":"https:\/\/baltringuesetcie.fr\/wp-content\/uploads\/2026\/02\/cropped-baltringues-blanc-trans.png","contentUrl":"https:\/\/baltringuesetcie.fr\/wp-content\/uploads\/2026\/02\/cropped-baltringues-blanc-trans.png","width":960,"height":338,"caption":"Baltringues et cie"},"image":{"@id":"https:\/\/baltringuesetcie.fr\/#\/schema\/logo\/image\/"}}]}},"_links":{"self":[{"href":"https:\/\/baltringuesetcie.fr\/en\/wp-json\/wp\/v2\/pages\/1774","targetHints":{"allow":["GET"]}}],"collection":[{"href":"https:\/\/baltringuesetcie.fr\/en\/wp-json\/wp\/v2\/pages"}],"about":[{"href":"https:\/\/baltringuesetcie.fr\/en\/wp-json\/wp\/v2\/types\/page"}],"author":[{"embeddable":true,"href":"https:\/\/baltringuesetcie.fr\/en\/wp-json\/wp\/v2\/users\/1"}],"replies":[{"embeddable":true,"href":"https:\/\/baltringuesetcie.fr\/en\/wp-json\/wp\/v2\/comments?post=1774"}],"version-history":[{"count":22,"href":"https:\/\/baltringuesetcie.fr\/en\/wp-json\/wp\/v2\/pages\/1774\/revisions"}],"predecessor-version":[{"id":1997,"href":"https:\/\/baltringuesetcie.fr\/en\/wp-json\/wp\/v2\/pages\/1774\/revisions\/1997"}],"wp:attachment":[{"href":"https:\/\/baltringuesetcie.fr\/en\/wp-json\/wp\/v2\/media?parent=1774"}],"curies":[{"name":"wp","href":"https:\/\/api.w.org\/{rel}","templated":true}]}}