{"id":1777,"date":"2026-02-08T16:17:46","date_gmt":"2026-02-08T15:17:46","guid":{"rendered":"https:\/\/baltringuesetcie.fr\/?page_id=1777"},"modified":"2026-02-10T12:39:39","modified_gmt":"2026-02-10T11:39:39","slug":"le-tout-ptit","status":"publish","type":"page","link":"https:\/\/baltringuesetcie.fr\/en\/le-tout-ptit\/","title":{"rendered":"Le Tout P&rsquo;tit"},"content":{"rendered":"<div data-elementor-type=\"wp-page\" data-elementor-id=\"1777\" class=\"elementor elementor-1777\">\n\t\t\t\t<div class=\"elementor-element elementor-element-19b8c8c e-flex e-con-boxed e-con e-parent\" data-id=\"19b8c8c\" data-element_type=\"container\" data-e-type=\"container\" data-settings=\"{&quot;background_background&quot;:&quot;classic&quot;}\">\n\t\t\t\t\t<div class=\"e-con-inner\">\n\t\t<div class=\"elementor-element elementor-element-372848a e-con-full e-flex e-con e-child\" data-id=\"372848a\" data-element_type=\"container\" data-e-type=\"container\">\n\t\t\t\t<div class=\"elementor-element elementor-element-0ccf104 elementor-widget elementor-widget-heading\" data-id=\"0ccf104\" data-element_type=\"widget\" data-e-type=\"widget\" data-widget_type=\"heading.default\">\n\t\t\t\t<div class=\"elementor-widget-container\">\n\t\t\t\t\t<h1 class=\"elementor-heading-title elementor-size-default\">Le tout p'tit<\/h1>\t\t\t\t<\/div>\n\t\t\t\t<\/div>\n\t\t\t\t<\/div>\n\t\t\t\t\t<\/div>\n\t\t\t\t<\/div>\n\t\t<div class=\"elementor-element elementor-element-e195e7c e-flex e-con-boxed e-con e-parent\" data-id=\"e195e7c\" data-element_type=\"container\" data-e-type=\"container\">\n\t\t\t\t\t<div class=\"e-con-inner\">\n\t\t\t\t<div class=\"elementor-element elementor-element-b65a65b elementor-widget elementor-widget-heading\" data-id=\"b65a65b\" data-element_type=\"widget\" data-e-type=\"widget\" data-widget_type=\"heading.default\">\n\t\t\t\t<div class=\"elementor-widget-container\">\n\t\t\t\t\t<h2 class=\"elementor-heading-title elementor-size-default\">Un chapiteau intimiste pour mariages, anniversaires et petits \u00e9v\u00e9nements<\/h2>\t\t\t\t<\/div>\n\t\t\t\t<\/div>\n\t\t\t\t\t<\/div>\n\t\t\t\t<\/div>\n\t\t<div class=\"elementor-element elementor-element-851dc17 e-grid e-con-boxed e-con e-parent\" data-id=\"851dc17\" data-element_type=\"container\" data-e-type=\"container\">\n\t\t\t\t\t<div class=\"e-con-inner\">\n\t\t\t\t<div class=\"elementor-element elementor-element-ade5106 elementor-widget elementor-widget-image\" data-id=\"ade5106\" data-element_type=\"widget\" data-e-type=\"widget\" data-widget_type=\"image.default\">\n\t\t\t\t<div class=\"elementor-widget-container\">\n\t\t\t\t\t\t\t\t\t\t\t\t\t\t\t<img fetchpriority=\"high\" width=\"1024\" height=\"472\" class=\"attachment-large size-large wp-image-1722 lws-optimize-lazyload\" alt=\"448510248 762157396117412 1225746673120721673 N 1024x472\" srcset=\"https:\/\/baltringuesetcie.fr\/wp-content\/uploads\/2026\/02\/448510248_762157396117412_1225746673120721673_n-1024x472.jpg 1024w, https:\/\/baltringuesetcie.fr\/wp-content\/uploads\/2026\/02\/448510248_762157396117412_1225746673120721673_n-300x138.jpg 300w, https:\/\/baltringuesetcie.fr\/wp-content\/uploads\/2026\/02\/448510248_762157396117412_1225746673120721673_n-768x354.jpg 768w, https:\/\/baltringuesetcie.fr\/wp-content\/uploads\/2026\/02\/448510248_762157396117412_1225746673120721673_n.jpg 1388w\" sizes=\"(max-width: 1024px) 100vw, 1024px\" data-src=\"https:\/\/baltringuesetcie.fr\/wp-content\/uploads\/2026\/02\/448510248_762157396117412_1225746673120721673_n-1024x472.jpg\" title=\"Le Tout P&#039;tit\">\t\t\t\t\t\t\t\t\t\t\t\t\t\t\t<\/div>\n\t\t\t\t<\/div>\n\t\t\t\t<div class=\"elementor-element elementor-element-0aa88a9 elementor-widget elementor-widget-image\" data-id=\"0aa88a9\" data-element_type=\"widget\" data-e-type=\"widget\" data-widget_type=\"image.default\">\n\t\t\t\t<div class=\"elementor-widget-container\">\n\t\t\t\t\t\t\t\t\t\t\t\t\t\t\t<img width=\"1024\" height=\"576\" class=\"attachment-large size-large wp-image-1730 lws-optimize-lazyload\" alt=\"441372738 740415598291592 9074108531130612362 N 1024x576\" srcset=\"https:\/\/baltringuesetcie.fr\/wp-content\/uploads\/2026\/02\/441372738_740415598291592_9074108531130612362_n-1024x576.jpg 1024w, https:\/\/baltringuesetcie.fr\/wp-content\/uploads\/2026\/02\/441372738_740415598291592_9074108531130612362_n-300x169.jpg 300w, https:\/\/baltringuesetcie.fr\/wp-content\/uploads\/2026\/02\/441372738_740415598291592_9074108531130612362_n-768x432.jpg 768w, https:\/\/baltringuesetcie.fr\/wp-content\/uploads\/2026\/02\/441372738_740415598291592_9074108531130612362_n.jpg 1440w\" sizes=\"(max-width: 1024px) 100vw, 1024px\" data-src=\"https:\/\/baltringuesetcie.fr\/wp-content\/uploads\/2026\/02\/441372738_740415598291592_9074108531130612362_n-1024x576.jpg\" title=\"Le Tout P&#039;tit\">\t\t\t\t\t\t\t\t\t\t\t\t\t\t\t<\/div>\n\t\t\t\t<\/div>\n\t\t\t\t\t<\/div>\n\t\t\t\t<\/div>\n\t\t<div class=\"elementor-element elementor-element-6f9a822 e-con-full e-flex e-con e-parent\" data-id=\"6f9a822\" data-element_type=\"container\" data-e-type=\"container\">\n\t\t<div class=\"elementor-element elementor-element-eae624a e-con-full e-flex e-con e-child\" data-id=\"eae624a\" data-element_type=\"container\" data-e-type=\"container\" data-settings=\"{&quot;background_background&quot;:&quot;classic&quot;}\">\n\t\t<div class=\"elementor-element elementor-element-ca7fe89 e-con-full e-flex e-con e-child\" data-id=\"ca7fe89\" data-element_type=\"container\" data-e-type=\"container\">\n\t\t<div class=\"elementor-element elementor-element-e335e38 e-con-full e-flex e-con e-child\" data-id=\"e335e38\" data-element_type=\"container\" data-e-type=\"container\">\n\t\t\t\t<div class=\"elementor-element elementor-element-8a83190 elementor-widget elementor-widget-heading\" data-id=\"8a83190\" data-element_type=\"widget\" data-e-type=\"widget\" data-widget_type=\"heading.default\">\n\t\t\t\t<div class=\"elementor-widget-container\">\n\t\t\t\t\t<h2 class=\"elementor-heading-title elementor-size-default\">Le Tout Petit<\/h2>\t\t\t\t<\/div>\n\t\t\t\t<\/div>\n\t\t\t\t<div class=\"elementor-element elementor-element-094c92d elementor-widget elementor-widget-text-editor\" data-id=\"094c92d\" data-element_type=\"widget\" data-e-type=\"widget\" data-widget_type=\"text-editor.default\">\n\t\t\t\t<div class=\"elementor-widget-container\">\n\t\t\t\t\t\t\t\t\t<p data-start=\"1152\" data-end=\"1303\">Chapiteau de 100 m\u00b2 au format intimiste, le Tout Petit accueille anniversaires, mariages, petites sc\u00e8nes ou espaces bar dans une ambiance conviviale.<\/p><p data-start=\"1310\" data-end=\"1448\">Souple d\u2019utilisation et rapide \u00e0 mettre en place, il constitue une solution id\u00e9ale pour cr\u00e9er un espace chaleureux au c\u0153ur d\u2019un \u00e9v\u00e9nement.<\/p>\t\t\t\t\t\t\t\t<\/div>\n\t\t\t\t<\/div>\n\t\t\t\t<div class=\"elementor-element elementor-element-5682d1a elementor-widget elementor-widget-button\" data-id=\"5682d1a\" data-element_type=\"widget\" data-e-type=\"widget\" data-widget_type=\"button.default\">\n\t\t\t\t<div class=\"elementor-widget-container\">\n\t\t\t\t\t\t\t\t\t<div class=\"elementor-button-wrapper\">\n\t\t\t\t\t<a class=\"elementor-button elementor-button-link elementor-size-sm\" href=\"\/en\/contact-us\/\">\n\t\t\t\t\t\t<span class=\"elementor-button-content-wrapper\">\n\t\t\t\t\t\t\t\t\t<span class=\"elementor-button-text\">contacter nous<\/span>\n\t\t\t\t\t<\/span>\n\t\t\t\t\t<\/a>\n\t\t\t\t<\/div>\n\t\t\t\t\t\t\t\t<\/div>\n\t\t\t\t<\/div>\n\t\t\t\t<\/div>\n\t\t\t\t<\/div>\n\t\t\t\t<\/div>\n\t\t<div class=\"elementor-element elementor-element-a79e45f e-con-full e-flex e-con e-child\" data-id=\"a79e45f\" data-element_type=\"container\" data-e-type=\"container\" data-settings=\"{&quot;background_background&quot;:&quot;classic&quot;}\">\n\t\t<div class=\"elementor-element elementor-element-1644e9c e-con-full e-flex e-con e-child\" data-id=\"1644e9c\" data-element_type=\"container\" data-e-type=\"container\">\n\t\t<div class=\"elementor-element elementor-element-beb9701 e-con-full e-flex e-con e-child\" data-id=\"beb9701\" data-element_type=\"container\" data-e-type=\"container\">\n\t\t\t\t<div class=\"elementor-element elementor-element-36cf656 elementor-icon-list--layout-traditional elementor-list-item-link-full_width elementor-widget elementor-widget-icon-list\" data-id=\"36cf656\" data-element_type=\"widget\" data-e-type=\"widget\" data-widget_type=\"icon-list.default\">\n\t\t\t\t<div class=\"elementor-widget-container\">\n\t\t\t\t\t\t\t<ul class=\"elementor-icon-list-items\">\n\t\t\t\t\t\t\t<li class=\"elementor-icon-list-item\">\n\t\t\t\t\t\t\t\t\t\t\t<span class=\"elementor-icon-list-icon\">\n\t\t\t\t\t\t\t<i aria-hidden=\"true\" class=\"fas fa-tools\"><\/i>\t\t\t\t\t\t<\/span>\n\t\t\t\t\t\t\t\t\t\t<span class=\"elementor-icon-list-text\">Donn\u00e9es techniques<\/span>\n\t\t\t\t\t\t\t\t\t<\/li>\n\t\t\t\t\t\t\t\t<li class=\"elementor-icon-list-item\">\n\t\t\t\t\t\t\t\t\t\t<span class=\"elementor-icon-list-text\">Chapiteau rectangle 9x12m soit 108m\u00b2<\/span>\n\t\t\t\t\t\t\t\t\t<\/li>\n\t\t\t\t\t\t\t\t<li class=\"elementor-icon-list-item\">\n\t\t\t\t\t\t\t\t\t\t<span class=\"elementor-icon-list-text\">Surface d\u2019implantation : 14x22m<\/span>\n\t\t\t\t\t\t\t\t\t<\/li>\n\t\t\t\t\t\t\t\t<li class=\"elementor-icon-list-item\">\n\t\t\t\t\t\t\t\t\t\t<span class=\"elementor-icon-list-text\">Hauteur des m\u00e2ts : 6m<\/span>\n\t\t\t\t\t\t\t\t\t<\/li>\n\t\t\t\t\t\t\t\t<li class=\"elementor-icon-list-item\">\n\t\t\t\t\t\t\t\t\t\t<span class=\"elementor-icon-list-text\">Hauteur sous vergue : 5,50m<\/span>\n\t\t\t\t\t\t\t\t\t<\/li>\n\t\t\t\t\t\t\t\t<li class=\"elementor-icon-list-item\">\n\t\t\t\t\t\t\t\t\t\t<span class=\"elementor-icon-list-text\">Ext\u00e9rieur bleu et jaune,  int\u00e9rieur translucide<\/span>\n\t\t\t\t\t\t\t\t\t<\/li>\n\t\t\t\t\t\t\t\t<li class=\"elementor-icon-list-item\">\n\t\t\t\t\t\t\t\t\t\t<span class=\"elementor-icon-list-text\">2 m\u00e2ts et 10 corniches (amovibles selon les conditions m\u00e9t\u00e9orologiques)<\/span>\n\t\t\t\t\t\t\t\t\t<\/li>\n\t\t\t\t\t\t<\/ul>\n\t\t\t\t\t\t<\/div>\n\t\t\t\t<\/div>\n\t\t\t\t<\/div>\n\t\t\t\t<\/div>\n\t\t\t\t<\/div>\n\t\t\t\t<\/div>\n\t\t<div class=\"elementor-element elementor-element-2310371 e-flex e-con-boxed e-con e-parent\" data-id=\"2310371\" data-element_type=\"container\" data-e-type=\"container\">\n\t\t\t\t\t<div class=\"e-con-inner\">\n\t\t\t\t<div class=\"elementor-element elementor-element-ff0ce3f elementor-widget elementor-widget-image\" data-id=\"ff0ce3f\" data-element_type=\"widget\" data-e-type=\"widget\" data-widget_type=\"image.default\">\n\t\t\t\t<div class=\"elementor-widget-container\">\n\t\t\t\t\t\t\t\t\t\t\t\t\t\t\t<img width=\"1024\" height=\"696\" class=\"attachment-large size-large wp-image-2241 lws-optimize-lazyload\" alt=\"Plan Tracage Le Tout Ptit 1024x696\" srcset=\"https:\/\/baltringuesetcie.fr\/wp-content\/uploads\/2026\/02\/plan-tracage-le-tout-ptit-1024x696.jpg 1024w, https:\/\/baltringuesetcie.fr\/wp-content\/uploads\/2026\/02\/plan-tracage-le-tout-ptit-300x204.jpg 300w, https:\/\/baltringuesetcie.fr\/wp-content\/uploads\/2026\/02\/plan-tracage-le-tout-ptit-768x522.jpg 768w, https:\/\/baltringuesetcie.fr\/wp-content\/uploads\/2026\/02\/plan-tracage-le-tout-ptit-1536x1044.jpg 1536w, https:\/\/baltringuesetcie.fr\/wp-content\/uploads\/2026\/02\/plan-tracage-le-tout-ptit-18x12.jpg 18w, https:\/\/baltringuesetcie.fr\/wp-content\/uploads\/2026\/02\/plan-tracage-le-tout-ptit.jpg 1561w\" sizes=\"(max-width: 1024px) 100vw, 1024px\" data-src=\"https:\/\/baltringuesetcie.fr\/wp-content\/uploads\/2026\/02\/plan-tracage-le-tout-ptit-1024x696.jpg\" title=\"Le Tout P&#039;tit\">\t\t\t\t\t\t\t\t\t\t\t\t\t\t\t<\/div>\n\t\t\t\t<\/div>\n\t\t\t\t\t<\/div>\n\t\t\t\t<\/div>\n\t\t<div class=\"elementor-element elementor-element-3d2a0b3 e-flex e-con-boxed e-con e-parent\" data-id=\"3d2a0b3\" data-element_type=\"container\" data-e-type=\"container\">\n\t\t\t\t\t<div class=\"e-con-inner\">\n\t\t\t\t<div class=\"elementor-element elementor-element-b1affdc elementor-align-center elementor-widget elementor-widget-button\" data-id=\"b1affdc\" data-element_type=\"widget\" data-e-type=\"widget\" data-widget_type=\"button.default\">\n\t\t\t\t<div class=\"elementor-widget-container\">\n\t\t\t\t\t\t\t\t\t<div class=\"elementor-button-wrapper\">\n\t\t\t\t\t<a class=\"elementor-button elementor-button-link elementor-size-sm\" href=\"\/en\/tous-nos-chapiteaux\/\">\n\t\t\t\t\t\t<span class=\"elementor-button-content-wrapper\">\n\t\t\t\t\t\t\t\t\t<span class=\"elementor-button-text\">revenir a la page precedente<\/span>\n\t\t\t\t\t<\/span>\n\t\t\t\t\t<\/a>\n\t\t\t\t<\/div>\n\t\t\t\t\t\t\t\t<\/div>\n\t\t\t\t<\/div>\n\t\t\t\t\t<\/div>\n\t\t\t\t<\/div>\n\t\t\t\t<\/div>","protected":false},"excerpt":{"rendered":"<p>Le tout p&rsquo;tit Un chapiteau intimiste pour mariages, anniversaires et petits \u00e9v\u00e9nements Le Tout Petit Chapiteau de 100 m\u00b2 au format intimiste, le Tout Petit accueille anniversaires, mariages, petites sc\u00e8nes ou espaces bar dans une ambiance conviviale. Souple d\u2019utilisation et rapide \u00e0 mettre en place, il constitue une solution id\u00e9ale pour cr\u00e9er un espace chaleureux [&hellip;]<\/p>","protected":false},"author":1,"featured_media":0,"parent":0,"menu_order":0,"comment_status":"closed","ping_status":"closed","template":"","meta":{"site-sidebar-layout":"no-sidebar","site-content-layout":"page-builder","ast-site-content-layout":"full-width-container","site-content-style":"unboxed","site-sidebar-style":"unboxed","ast-global-header-display":"","ast-banner-title-visibility":"","ast-main-header-display":"","ast-hfb-above-header-display":"","ast-hfb-below-header-display":"","ast-hfb-mobile-header-display":"","site-post-title":"disabled","ast-breadcrumbs-content":"disabled","ast-featured-img":"disabled","footer-sml-layout":"","ast-disable-related-posts":"","theme-transparent-header-meta":"enabled","adv-header-id-meta":"","stick-header-meta":"","header-above-stick-meta":"","header-main-stick-meta":"","header-below-stick-meta":"","astra-migrate-meta-layouts":"set","ast-page-background-enabled":"default","ast-page-background-meta":{"desktop":{"background-color":"var(--ast-global-color-4)","background-image":"","background-repeat":"repeat","background-position":"center center","background-size":"auto","background-attachment":"scroll","background-type":"","background-media":"","overlay-type":"","overlay-color":"","overlay-opacity":"","overlay-gradient":""},"tablet":{"background-color":"","background-image":"","background-repeat":"repeat","background-position":"center center","background-size":"auto","background-attachment":"scroll","background-type":"","background-media":"","overlay-type":"","overlay-color":"","overlay-opacity":"","overlay-gradient":""},"mobile":{"background-color":"","background-image":"","background-repeat":"repeat","background-position":"center center","background-size":"auto","background-attachment":"scroll","background-type":"","background-media":"","overlay-type":"","overlay-color":"","overlay-opacity":"","overlay-gradient":""}},"ast-content-background-meta":{"desktop":{"background-color":"var(--ast-global-color-5)","background-image":"","background-repeat":"repeat","background-position":"center center","background-size":"auto","background-attachment":"scroll","background-type":"","background-media":"","overlay-type":"","overlay-color":"","overlay-opacity":"","overlay-gradient":""},"tablet":{"background-color":"var(--ast-global-color-5)","background-image":"","background-repeat":"repeat","background-position":"center center","background-size":"auto","background-attachment":"scroll","background-type":"","background-media":"","overlay-type":"","overlay-color":"","overlay-opacity":"","overlay-gradient":""},"mobile":{"background-color":"var(--ast-global-color-5)","background-image":"","background-repeat":"repeat","background-position":"center center","background-size":"auto","background-attachment":"scroll","background-type":"","background-media":"","overlay-type":"","overlay-color":"","overlay-opacity":"","overlay-gradient":""}},"footnotes":""},"class_list":["post-1777","page","type-page","status-publish","hentry"],"yoast_head":"<!-- This site is optimized with the Yoast SEO plugin v27.5 - https:\/\/yoast.com\/product\/yoast-seo-wordpress\/ -->\n<title>Le Tout P&#039;tit - Baltringues et cie<\/title>\n<meta name=\"robots\" content=\"index, follow, max-snippet:-1, max-image-preview:large, max-video-preview:-1\" \/>\n<link rel=\"canonical\" href=\"https:\/\/baltringuesetcie.fr\/en\/le-tout-ptit\/\" \/>\n<meta property=\"og:locale\" content=\"en_GB\" \/>\n<meta property=\"og:type\" content=\"article\" \/>\n<meta property=\"og:title\" content=\"Le Tout P&#039;tit - Baltringues et cie\" \/>\n<meta property=\"og:description\" content=\"Le tout p&rsquo;tit Un chapiteau intimiste pour mariages, anniversaires et petits \u00e9v\u00e9nements Le Tout Petit Chapiteau de 100 m\u00b2 au format intimiste, le Tout Petit accueille anniversaires, mariages, petites sc\u00e8nes ou espaces bar dans une ambiance conviviale. Souple d\u2019utilisation et rapide \u00e0 mettre en place, il constitue une solution id\u00e9ale pour cr\u00e9er un espace chaleureux [&hellip;]\" \/>\n<meta property=\"og:url\" content=\"https:\/\/baltringuesetcie.fr\/en\/le-tout-ptit\/\" \/>\n<meta property=\"og:site_name\" content=\"Baltringues et cie\" \/>\n<meta property=\"article:modified_time\" content=\"2026-02-10T11:39:39+00:00\" \/>\n<meta property=\"og:image\" content=\"https:\/\/baltringuesetcie.fr\/wp-content\/uploads\/2026\/02\/448510248_762157396117412_1225746673120721673_n.jpg\" \/>\n\t<meta property=\"og:image:width\" content=\"1388\" \/>\n\t<meta property=\"og:image:height\" content=\"640\" \/>\n\t<meta property=\"og:image:type\" content=\"image\/jpeg\" \/>\n<meta name=\"twitter:card\" content=\"summary_large_image\" \/>\n<meta name=\"twitter:label1\" content=\"Estimated reading time\" \/>\n\t<meta name=\"twitter:data1\" content=\"2 minutes\" \/>\n<script type=\"application\/ld+json\" class=\"yoast-schema-graph\">{\"@context\":\"https:\\\/\\\/schema.org\",\"@graph\":[{\"@type\":\"WebPage\",\"@id\":\"https:\\\/\\\/baltringuesetcie.fr\\\/le-tout-ptit\\\/\",\"url\":\"https:\\\/\\\/baltringuesetcie.fr\\\/le-tout-ptit\\\/\",\"name\":\"Le Tout P'tit - Baltringues et cie\",\"isPartOf\":{\"@id\":\"https:\\\/\\\/baltringuesetcie.fr\\\/#website\"},\"primaryImageOfPage\":{\"@id\":\"https:\\\/\\\/baltringuesetcie.fr\\\/le-tout-ptit\\\/#primaryimage\"},\"image\":{\"@id\":\"https:\\\/\\\/baltringuesetcie.fr\\\/le-tout-ptit\\\/#primaryimage\"},\"thumbnailUrl\":\"https:\\\/\\\/baltringuesetcie.fr\\\/wp-content\\\/uploads\\\/2026\\\/02\\\/448510248_762157396117412_1225746673120721673_n-1024x472.jpg\",\"datePublished\":\"2026-02-08T15:17:46+00:00\",\"dateModified\":\"2026-02-10T11:39:39+00:00\",\"breadcrumb\":{\"@id\":\"https:\\\/\\\/baltringuesetcie.fr\\\/le-tout-ptit\\\/#breadcrumb\"},\"inLanguage\":\"en-GB\",\"potentialAction\":[{\"@type\":\"ReadAction\",\"target\":[\"https:\\\/\\\/baltringuesetcie.fr\\\/le-tout-ptit\\\/\"]}]},{\"@type\":\"ImageObject\",\"inLanguage\":\"en-GB\",\"@id\":\"https:\\\/\\\/baltringuesetcie.fr\\\/le-tout-ptit\\\/#primaryimage\",\"url\":\"https:\\\/\\\/baltringuesetcie.fr\\\/wp-content\\\/uploads\\\/2026\\\/02\\\/448510248_762157396117412_1225746673120721673_n-1024x472.jpg\",\"contentUrl\":\"https:\\\/\\\/baltringuesetcie.fr\\\/wp-content\\\/uploads\\\/2026\\\/02\\\/448510248_762157396117412_1225746673120721673_n-1024x472.jpg\"},{\"@type\":\"BreadcrumbList\",\"@id\":\"https:\\\/\\\/baltringuesetcie.fr\\\/le-tout-ptit\\\/#breadcrumb\",\"itemListElement\":[{\"@type\":\"ListItem\",\"position\":1,\"name\":\"Home\",\"item\":\"https:\\\/\\\/baltringuesetcie.fr\\\/\"},{\"@type\":\"ListItem\",\"position\":2,\"name\":\"Le Tout P&rsquo;tit\"}]},{\"@type\":\"WebSite\",\"@id\":\"https:\\\/\\\/baltringuesetcie.fr\\\/#website\",\"url\":\"https:\\\/\\\/baltringuesetcie.fr\\\/\",\"name\":\"Baltringues et cie\",\"description\":\"\",\"publisher\":{\"@id\":\"https:\\\/\\\/baltringuesetcie.fr\\\/#organization\"},\"potentialAction\":[{\"@type\":\"SearchAction\",\"target\":{\"@type\":\"EntryPoint\",\"urlTemplate\":\"https:\\\/\\\/baltringuesetcie.fr\\\/?s={search_term_string}\"},\"query-input\":{\"@type\":\"PropertyValueSpecification\",\"valueRequired\":true,\"valueName\":\"search_term_string\"}}],\"inLanguage\":\"en-GB\"},{\"@type\":\"Organization\",\"@id\":\"https:\\\/\\\/baltringuesetcie.fr\\\/#organization\",\"name\":\"Baltringues et cie\",\"url\":\"https:\\\/\\\/baltringuesetcie.fr\\\/\",\"logo\":{\"@type\":\"ImageObject\",\"inLanguage\":\"en-GB\",\"@id\":\"https:\\\/\\\/baltringuesetcie.fr\\\/#\\\/schema\\\/logo\\\/image\\\/\",\"url\":\"https:\\\/\\\/baltringuesetcie.fr\\\/wp-content\\\/uploads\\\/2026\\\/02\\\/cropped-baltringues-blanc-trans.png\",\"contentUrl\":\"https:\\\/\\\/baltringuesetcie.fr\\\/wp-content\\\/uploads\\\/2026\\\/02\\\/cropped-baltringues-blanc-trans.png\",\"width\":960,\"height\":338,\"caption\":\"Baltringues et cie\"},\"image\":{\"@id\":\"https:\\\/\\\/baltringuesetcie.fr\\\/#\\\/schema\\\/logo\\\/image\\\/\"}}]}<\/script>\n<!-- \/ Yoast SEO plugin. -->","yoast_head_json":{"title":"Le Tout P'tit - Baltringues et cie","robots":{"index":"index","follow":"follow","max-snippet":"max-snippet:-1","max-image-preview":"max-image-preview:large","max-video-preview":"max-video-preview:-1"},"canonical":"https:\/\/baltringuesetcie.fr\/en\/le-tout-ptit\/","og_locale":"en_GB","og_type":"article","og_title":"Le Tout P'tit - Baltringues et cie","og_description":"Le tout p&rsquo;tit Un chapiteau intimiste pour mariages, anniversaires et petits \u00e9v\u00e9nements Le Tout Petit Chapiteau de 100 m\u00b2 au format intimiste, le Tout Petit accueille anniversaires, mariages, petites sc\u00e8nes ou espaces bar dans une ambiance conviviale. Souple d\u2019utilisation et rapide \u00e0 mettre en place, il constitue une solution id\u00e9ale pour cr\u00e9er un espace chaleureux [&hellip;]","og_url":"https:\/\/baltringuesetcie.fr\/en\/le-tout-ptit\/","og_site_name":"Baltringues et cie","article_modified_time":"2026-02-10T11:39:39+00:00","og_image":[{"width":1388,"height":640,"url":"https:\/\/baltringuesetcie.fr\/wp-content\/uploads\/2026\/02\/448510248_762157396117412_1225746673120721673_n.jpg","type":"image\/jpeg"}],"twitter_card":"summary_large_image","twitter_misc":{"Estimated reading time":"2 minutes"},"schema":{"@context":"https:\/\/schema.org","@graph":[{"@type":"WebPage","@id":"https:\/\/baltringuesetcie.fr\/le-tout-ptit\/","url":"https:\/\/baltringuesetcie.fr\/le-tout-ptit\/","name":"Le Tout P'tit - Baltringues et cie","isPartOf":{"@id":"https:\/\/baltringuesetcie.fr\/#website"},"primaryImageOfPage":{"@id":"https:\/\/baltringuesetcie.fr\/le-tout-ptit\/#primaryimage"},"image":{"@id":"https:\/\/baltringuesetcie.fr\/le-tout-ptit\/#primaryimage"},"thumbnailUrl":"https:\/\/baltringuesetcie.fr\/wp-content\/uploads\/2026\/02\/448510248_762157396117412_1225746673120721673_n-1024x472.jpg","datePublished":"2026-02-08T15:17:46+00:00","dateModified":"2026-02-10T11:39:39+00:00","breadcrumb":{"@id":"https:\/\/baltringuesetcie.fr\/le-tout-ptit\/#breadcrumb"},"inLanguage":"en-GB","potentialAction":[{"@type":"ReadAction","target":["https:\/\/baltringuesetcie.fr\/le-tout-ptit\/"]}]},{"@type":"ImageObject","inLanguage":"en-GB","@id":"https:\/\/baltringuesetcie.fr\/le-tout-ptit\/#primaryimage","url":"https:\/\/baltringuesetcie.fr\/wp-content\/uploads\/2026\/02\/448510248_762157396117412_1225746673120721673_n-1024x472.jpg","contentUrl":"https:\/\/baltringuesetcie.fr\/wp-content\/uploads\/2026\/02\/448510248_762157396117412_1225746673120721673_n-1024x472.jpg"},{"@type":"BreadcrumbList","@id":"https:\/\/baltringuesetcie.fr\/le-tout-ptit\/#breadcrumb","itemListElement":[{"@type":"ListItem","position":1,"name":"Home","item":"https:\/\/baltringuesetcie.fr\/"},{"@type":"ListItem","position":2,"name":"Le Tout P&rsquo;tit"}]},{"@type":"WebSite","@id":"https:\/\/baltringuesetcie.fr\/#website","url":"https:\/\/baltringuesetcie.fr\/","name":"Baltringues et cie","description":"","publisher":{"@id":"https:\/\/baltringuesetcie.fr\/#organization"},"potentialAction":[{"@type":"SearchAction","target":{"@type":"EntryPoint","urlTemplate":"https:\/\/baltringuesetcie.fr\/?s={search_term_string}"},"query-input":{"@type":"PropertyValueSpecification","valueRequired":true,"valueName":"search_term_string"}}],"inLanguage":"en-GB"},{"@type":"Organization","@id":"https:\/\/baltringuesetcie.fr\/#organization","name":"Baltringues et cie","url":"https:\/\/baltringuesetcie.fr\/","logo":{"@type":"ImageObject","inLanguage":"en-GB","@id":"https:\/\/baltringuesetcie.fr\/#\/schema\/logo\/image\/","url":"https:\/\/baltringuesetcie.fr\/wp-content\/uploads\/2026\/02\/cropped-baltringues-blanc-trans.png","contentUrl":"https:\/\/baltringuesetcie.fr\/wp-content\/uploads\/2026\/02\/cropped-baltringues-blanc-trans.png","width":960,"height":338,"caption":"Baltringues et cie"},"image":{"@id":"https:\/\/baltringuesetcie.fr\/#\/schema\/logo\/image\/"}}]}},"_links":{"self":[{"href":"https:\/\/baltringuesetcie.fr\/en\/wp-json\/wp\/v2\/pages\/1777","targetHints":{"allow":["GET"]}}],"collection":[{"href":"https:\/\/baltringuesetcie.fr\/en\/wp-json\/wp\/v2\/pages"}],"about":[{"href":"https:\/\/baltringuesetcie.fr\/en\/wp-json\/wp\/v2\/types\/page"}],"author":[{"embeddable":true,"href":"https:\/\/baltringuesetcie.fr\/en\/wp-json\/wp\/v2\/users\/1"}],"replies":[{"embeddable":true,"href":"https:\/\/baltringuesetcie.fr\/en\/wp-json\/wp\/v2\/comments?post=1777"}],"version-history":[{"count":13,"href":"https:\/\/baltringuesetcie.fr\/en\/wp-json\/wp\/v2\/pages\/1777\/revisions"}],"predecessor-version":[{"id":2244,"href":"https:\/\/baltringuesetcie.fr\/en\/wp-json\/wp\/v2\/pages\/1777\/revisions\/2244"}],"wp:attachment":[{"href":"https:\/\/baltringuesetcie.fr\/en\/wp-json\/wp\/v2\/media?parent=1777"}],"curies":[{"name":"wp","href":"https:\/\/api.w.org\/{rel}","templated":true}]}}